{"id":8328,"date":"2023-07-27T00:23:07","date_gmt":"2023-07-27T00:23:07","guid":{"rendered":"https:\/\/www.camaleontattoo.com\/tienda\/?post_type=product&#038;p=8328"},"modified":"2023-07-27T00:23:08","modified_gmt":"2023-07-27T00:23:08","slug":"pico-circular","status":"publish","type":"product","link":"https:\/\/www.camaleontattoo.com\/tienda\/aros-piercings\/pico-circular\/","title":{"rendered":"Pico circular"},"content":{"rendered":"<h3>Aro de acero quir\u00fargico con c\u00edrculos en forma de V<\/h3>\n<p><span style=\"font-weight: 400;\">\u00a1Bienvenid@s a nuestra tienda online de piercings! Nos complace presentarles nuestro deslumbrante Aro de Acero Quir\u00fargico con un elegante dise\u00f1o de c\u00edrculos en forma de V.<\/span><\/p>\n<p><span style=\"font-weight: 400;\">Este aro es verdaderamente una joya excepcional que no te querr\u00e1s perder. Su dise\u00f1o \u00fanico y sofisticado brinda un toque de estilo y distinci\u00f3n a tus perforaciones. <em>Los c\u00edrculos en forma de V favorecen el rostro<\/em>, dando un aspecto encantador y seguro, que llamar\u00e1n la atenci\u00f3n dondequiera que vayas.<\/span><\/p>\n<p><span style=\"font-weight: 400;\">Fabricado con <strong>acero quir\u00fargico de grado implante<\/strong>, puedes despreocuparte sabiendo que este aro garantiza la m\u00e1xima calidad y seguridad para tu piel. Adem\u00e1s, su resistencia a la corrosi\u00f3n asegura que podr\u00e1s disfrutar de esta magn\u00edfica joya por mucho tiempo, duch\u00e1ndote a diario con ella, yendo a la playa o a donde quieras.<\/span><\/p>\n<p><span style=\"font-weight: 400;\">El <strong>cierre de click<\/strong> hace que este aro sea muy f\u00e1cil de colocar y quitar, lo cual es especialmente conveniente para aquellos que buscan un accesorio pr\u00e1ctico y vers\u00e1til. Solamente disfruta de la comodidad y la estabilidad que ofrece su dise\u00f1o cuidadosamente elaborado.<\/span><\/p>\n<p><span style=\"font-weight: 400;\">Disponible en tonos <strong>dorado y plateado<\/strong>, podr\u00e1s elegir el color que mejor se ajuste a tus preferencias y estilo personal.\u00a0<\/span><\/p>\n<h3>\u00bfD\u00f3nde puedo usarlo?<\/h3>\n<p><span style=\"font-weight: 400;\">Este aro es una elecci\u00f3n perfecta para el<strong> septum<\/strong>, ya que realza y embellece de forma espectacular el rostro, pero tambi\u00e9n puedes lucirlo en otros piercings, como el <strong>daith, helix, l\u00f3bulo<\/strong>&#8230; \u00a1o donde m\u00e1s te guste!<\/span><\/p>\n<p><span style=\"font-weight: 400;\">No pierdas la oportunidad de tener<strong> una de nuestras joyas favoritas<\/strong>. Este aro de acero quir\u00fargico con c\u00edrculos en forma de V es muy vers\u00e1til y har\u00e1 que tus perforaciones destaquen de manera \u00fanica. \u00a1A\u00f1\u00e1delo a tu colecci\u00f3n y suma un toque de elegancia y estilo a tus looks diarios!<\/span><\/p>\n<h3><b>Informaci\u00f3n adicional<\/b><\/h3>\n<p><span style=\"font-weight: 400;\">Grosor: 1,2 mm<\/span><span style=\"font-weight: 400;\"><br \/>\n<\/span><span style=\"font-weight: 400;\">Di\u00e1metro interno: 8,0 mm<\/span><span style=\"font-weight: 400;\"><br \/>\n<\/span><span style=\"font-weight: 400;\">Tipo de cierre: bisagra<\/span><span style=\"font-weight: 400;\"><br \/>\n<\/span><span style=\"font-weight: 400;\">Material: acero quir\u00fargico 316L<\/span><span style=\"font-weight: 400;\"><br \/>\n<\/span><span style=\"font-weight: 400;\">Color: plateado, dorado<\/span><\/p>\n","protected":false},"excerpt":{"rendered":"<p>Aro de acero quir\u00fargico con dise\u00f1o de c\u00edrculos en forma de V, disponible en dorado o plateado. Perfecto para el septum, tambi\u00e9n sirve para otros muchos piercings como el daith, helix, l\u00f3bulo<\/p>\n","protected":false},"featured_media":8330,"comment_status":"open","ping_status":"closed","template":"","meta":[],"product_brand":[],"product_cat":[64],"product_tag":[101,98,105,97],"class_list":{"0":"post-8328","1":"product","2":"type-product","3":"status-publish","4":"has-post-thumbnail","6":"product_cat-aros-piercings","7":"product_tag-daith","8":"product_tag-helix","9":"product_tag-lobulo-lobe","10":"product_tag-septum","12":"first","13":"instock","14":"taxable","15":"shipping-taxable","16":"purchasable","17":"product-type-variable"},"_links":{"self":[{"href":"https:\/\/www.camaleontattoo.com\/tienda\/wp-json\/wp\/v2\/product\/8328","targetHints":{"allow":["GET"]}}],"collection":[{"href":"https:\/\/www.camaleontattoo.com\/tienda\/wp-json\/wp\/v2\/product"}],"about":[{"href":"https:\/\/www.camaleontattoo.com\/tienda\/wp-json\/wp\/v2\/types\/product"}],"replies":[{"embeddable":true,"href":"https:\/\/www.camaleontattoo.com\/tienda\/wp-json\/wp\/v2\/comments?post=8328"}],"wp:featuredmedia":[{"embeddable":true,"href":"https:\/\/www.camaleontattoo.com\/tienda\/wp-json\/wp\/v2\/media\/8330"}],"wp:attachment":[{"href":"https:\/\/www.camaleontattoo.com\/tienda\/wp-json\/wp\/v2\/media?parent=8328"}],"wp:term":[{"taxonomy":"product_brand","embeddable":true,"href":"https:\/\/www.camaleontattoo.com\/tienda\/wp-json\/wp\/v2\/product_brand?post=8328"},{"taxonomy":"product_cat","embeddable":true,"href":"https:\/\/www.camaleontattoo.com\/tienda\/wp-json\/wp\/v2\/product_cat?post=8328"},{"taxonomy":"product_tag","embeddable":true,"href":"https:\/\/www.camaleontattoo.com\/tienda\/wp-json\/wp\/v2\/product_tag?post=8328"}],"curies":[{"name":"wp","href":"https:\/\/api.w.org\/{rel}","templated":true}]}}