{"id":8320,"date":"2023-07-27T00:23:09","date_gmt":"2023-07-27T00:23:09","guid":{"rendered":"https:\/\/www.camaleontattoo.com\/tienda\/?post_type=product&#038;p=8320"},"modified":"2023-07-27T00:23:09","modified_gmt":"2023-07-27T00:23:09","slug":"pinchos-etnicos","status":"publish","type":"product","link":"https:\/\/www.camaleontattoo.com\/tienda\/aros-piercings\/pinchos-etnicos\/","title":{"rendered":"Pinchos etnicos"},"content":{"rendered":"<h3><span style=\"font-weight: 400;\">Aro de acero quir\u00fargico con pinchos de bolitas<\/span><span style=\"font-weight: 400;\"><br \/>\n<\/span><\/h3>\n<p><span style=\"font-weight: 400;\">\u00a1Presentamos nuestro impresionante aro de acero quir\u00fargico con pinchos de bolitas, de estilo \u00e9tnico y con un innovador sistema de cierre de click o bisagra de alta calidad!<\/span><\/p>\n<p><span style=\"font-weight: 400;\">El dise\u00f1o \u00e9tnico del aro es<em> cautivador y lleno de personalidad<\/em>. Los pinchos de bolitas estrat\u00e9gicamente colocados crean un efecto est\u00e9tico impresionante, reflejando tu estilo \u00fanico y audaz.<\/span><\/p>\n<p><span style=\"font-weight: 400;\">Fabricado con <strong>acero quir\u00fargico de grado implante<\/strong>, este aro destaca por su excepcional calidad y resistencia. Est\u00e1 <strong>disponible en dorado y plateado,<\/strong>\u00a0su composici\u00f3n garantiza que sea seguro para tu piel, minimizando cualquier riesgo de irritaci\u00f3n o alergias.\u00a0<\/span><\/p>\n<p><span style=\"font-weight: 400;\"> En cuanto al sistema de cierre, tiene un pr\u00e1ctico <strong>cierre de click o la bisagra de alta calidad<\/strong>. Esto garantiza una colocaci\u00f3n y extracci\u00f3n sencilla, sin comprometer la seguridad ni la comodidad.<\/span><\/p>\n<h3>\u00bfD\u00f3nde puedo usarlo?<\/h3>\n<p><span style=\"font-weight: 400;\">Este aro es el accesorio perfecto para realzar tus piercings como el <strong>septum, daith, l\u00f3bulo y helix<\/strong>\u00a0entre otros, con un toque \u00e9tnico \u00fanico.<\/span><\/p>\n<p><span style=\"font-weight: 400;\">Embellece tus perforaciones con este magn\u00edfico Aro de acero quir\u00fargico con pinchos de bolitas. Su estilo distintivo y su calidad sobresaliente lo convierten en la elecci\u00f3n ideal para aquellos que desean expresar su individualidad y destacar en cualquier ocasi\u00f3n. <em><strong>\u00a1Atr\u00e9vete a lucir un look \u00e9tnico sofisticado y adquiere tu aro ahora mismo!<\/strong><\/em><\/span><\/p>\n<h3><b>Informaci\u00f3n adicional<\/b><\/h3>\n<p><span style=\"font-weight: 400;\">Grosor: 1,2 mm<\/span><span style=\"font-weight: 400;\"><br \/>\n<\/span><span style=\"font-weight: 400;\">Di\u00e1metro interno: 8,0 mm<\/span><span style=\"font-weight: 400;\"><br \/>\n<\/span><span style=\"font-weight: 400;\">Tipo de cierre: bisagra<\/span><span style=\"font-weight: 400;\"><br \/>\n<\/span><span style=\"font-weight: 400;\">Material: acero quir\u00fargico 316L<\/span><span style=\"font-weight: 400;\"><br \/>\n<\/span><span style=\"font-weight: 400;\">Color: plateado, dorado<\/span><span style=\"font-weight: 400;\"><br \/>\n<\/span><\/p>\n","protected":false},"excerpt":{"rendered":"<p>Aro de acero quir\u00fargico con pinchos de bolitas, estilo \u00e9tnico, disponible en dorado y plateado. Ideal para piercings como el septum, daith, helix, l\u00f3bulo.<\/p>\n","protected":false},"featured_media":8321,"comment_status":"open","ping_status":"closed","template":"","meta":[],"product_brand":[],"product_cat":[64],"product_tag":[101,98,105,97],"class_list":{"0":"post-8320","1":"product","2":"type-product","3":"status-publish","4":"has-post-thumbnail","6":"product_cat-aros-piercings","7":"product_tag-daith","8":"product_tag-helix","9":"product_tag-lobulo-lobe","10":"product_tag-septum","12":"first","13":"instock","14":"taxable","15":"shipping-taxable","16":"purchasable","17":"product-type-variable"},"_links":{"self":[{"href":"https:\/\/www.camaleontattoo.com\/tienda\/wp-json\/wp\/v2\/product\/8320","targetHints":{"allow":["GET"]}}],"collection":[{"href":"https:\/\/www.camaleontattoo.com\/tienda\/wp-json\/wp\/v2\/product"}],"about":[{"href":"https:\/\/www.camaleontattoo.com\/tienda\/wp-json\/wp\/v2\/types\/product"}],"replies":[{"embeddable":true,"href":"https:\/\/www.camaleontattoo.com\/tienda\/wp-json\/wp\/v2\/comments?post=8320"}],"wp:featuredmedia":[{"embeddable":true,"href":"https:\/\/www.camaleontattoo.com\/tienda\/wp-json\/wp\/v2\/media\/8321"}],"wp:attachment":[{"href":"https:\/\/www.camaleontattoo.com\/tienda\/wp-json\/wp\/v2\/media?parent=8320"}],"wp:term":[{"taxonomy":"product_brand","embeddable":true,"href":"https:\/\/www.camaleontattoo.com\/tienda\/wp-json\/wp\/v2\/product_brand?post=8320"},{"taxonomy":"product_cat","embeddable":true,"href":"https:\/\/www.camaleontattoo.com\/tienda\/wp-json\/wp\/v2\/product_cat?post=8320"},{"taxonomy":"product_tag","embeddable":true,"href":"https:\/\/www.camaleontattoo.com\/tienda\/wp-json\/wp\/v2\/product_tag?post=8320"}],"curies":[{"name":"wp","href":"https:\/\/api.w.org\/{rel}","templated":true}]}}