{"id":8312,"date":"2023-07-27T00:23:11","date_gmt":"2023-07-27T00:23:11","guid":{"rendered":"https:\/\/www.camaleontattoo.com\/tienda\/?post_type=product&#038;p=8312"},"modified":"2023-07-27T00:23:11","modified_gmt":"2023-07-27T00:23:11","slug":"dot-ring","status":"publish","type":"product","link":"https:\/\/www.camaleontattoo.com\/tienda\/aros-piercings\/dot-ring\/","title":{"rendered":"Dot ring"},"content":{"rendered":"<h3><span style=\"font-weight: 400;\">Aro de acero quir\u00fargico de bolitas<\/span><\/h3>\n<p><span style=\"font-weight: 400;\">\u00a1Bienvenid@ a nuestra tienda online de joyer\u00eda de piercing, <em>donde la moda se encuentra con la calidad y el estilo se fusiona con la comodidad<\/em>! Te presentamos nuestro vers\u00e1til <strong>aro de acero quir\u00fargico grado implante con dise\u00f1o de bolitas y un cierre de click o bisagra de alta calidad<\/strong>.<\/span><\/p>\n<p><span style=\"font-weight: 400;\">Estamos encantados de presentarte nuestro exclusivo aro de piercing, dise\u00f1ado para elevar tu estilo y brindarte una experiencia \u00fanica en tus perforaciones. Este aro, fabricado con acero quir\u00fargico grado implante, es la combinaci\u00f3n perfecta de<strong> seguridad y estilo duradero<\/strong>.\u00a0<\/span><\/p>\n<p><span style=\"font-weight: 400;\">La calidad del<strong> cierre de click<\/strong> o bisagra no pasa desapercibida. Este sistema de cierre ofrece una sujeci\u00f3n segura y confiable, evitando deslizamientos inesperados y permiti\u00e9ndote cambiar tus aros f\u00e1cilmente con el m\u00ednimo esfuerzo.<\/span><\/p>\n<p><span style=\"font-weight: 400;\">Disponible en color dorado o plateado, podr\u00e1s encontrar la opci\u00f3n perfecta para completar tu estilo personal.<\/span><\/p>\n<h3>\u00bfD\u00f3nde puedo usarlo?<\/h3>\n<p><span style=\"font-weight: 400;\">Nuestro aro de dise\u00f1o de bolitas no solo ofrece un aspecto elegante y vers\u00e1til, sino que tambi\u00e9n est\u00e1 dise\u00f1ado con precisi\u00f3n para adaptarse a <strong>perforaciones populares como septum, daith, Helix<\/strong> y muchas m\u00e1s. Tu imaginaci\u00f3n es el l\u00edmite cuando se trata de lucir tus piercings con nuestros aros.<\/span><\/p>\n<p><span style=\"font-weight: 400;\">En nuestra tienda online, nos enorgullece ofrecer una amplia gama de joyas de piercing de alta calidad y un servicio al cliente excepcional. Queremos ser complices en tu viaje de autenticidad y autoexpresi\u00f3n, brind\u00e1ndote productos dise\u00f1ados pensando en tu seguridad y estilo. \u00danete a nosotros y descubre la magia de lucir nuestros aros de acero quir\u00fargico grado implante con dise\u00f1o de bolitas. Perm\u00edtenos ser parte de tu historia de estilo y elevar tus perforaciones a un nivel completamente nuevo.<\/span><\/p>\n<h3><b>Informaci\u00f3n adicional<\/b><\/h3>\n<p><span style=\"font-weight: 400;\">Grosor: 1,2 mm<\/span><span style=\"font-weight: 400;\"><br \/>\n<\/span><span style=\"font-weight: 400;\">Di\u00e1metro interno: 8,0 mm<\/span><span style=\"font-weight: 400;\"><br \/>\n<\/span><span style=\"font-weight: 400;\">Tipo de cierre: bisagra<\/span><span style=\"font-weight: 400;\"><br \/>\n<\/span><span style=\"font-weight: 400;\">Material: acero quir\u00fargico 316L<\/span><span style=\"font-weight: 400;\"><br \/>\n<\/span><span style=\"font-weight: 400;\">Color: plateado, dorado<\/span><\/p>\n","protected":false},"excerpt":{"rendered":"<p>Aro de acero quir\u00fargico con dise\u00f1o de bolitas, disponible en color dorado y plateado. Ideal para piercings como septum, daith o helix<\/p>\n","protected":false},"featured_media":8313,"comment_status":"open","ping_status":"closed","template":"","meta":[],"product_brand":[],"product_cat":[64],"product_tag":[102,101,98,105,97],"class_list":{"0":"post-8312","1":"product","2":"type-product","3":"status-publish","4":"has-post-thumbnail","6":"product_cat-aros-piercings","7":"product_tag-conch","8":"product_tag-daith","9":"product_tag-helix","10":"product_tag-lobulo-lobe","11":"product_tag-septum","13":"first","14":"instock","15":"taxable","16":"shipping-taxable","17":"purchasable","18":"product-type-variable"},"_links":{"self":[{"href":"https:\/\/www.camaleontattoo.com\/tienda\/wp-json\/wp\/v2\/product\/8312","targetHints":{"allow":["GET"]}}],"collection":[{"href":"https:\/\/www.camaleontattoo.com\/tienda\/wp-json\/wp\/v2\/product"}],"about":[{"href":"https:\/\/www.camaleontattoo.com\/tienda\/wp-json\/wp\/v2\/types\/product"}],"replies":[{"embeddable":true,"href":"https:\/\/www.camaleontattoo.com\/tienda\/wp-json\/wp\/v2\/comments?post=8312"}],"wp:featuredmedia":[{"embeddable":true,"href":"https:\/\/www.camaleontattoo.com\/tienda\/wp-json\/wp\/v2\/media\/8313"}],"wp:attachment":[{"href":"https:\/\/www.camaleontattoo.com\/tienda\/wp-json\/wp\/v2\/media?parent=8312"}],"wp:term":[{"taxonomy":"product_brand","embeddable":true,"href":"https:\/\/www.camaleontattoo.com\/tienda\/wp-json\/wp\/v2\/product_brand?post=8312"},{"taxonomy":"product_cat","embeddable":true,"href":"https:\/\/www.camaleontattoo.com\/tienda\/wp-json\/wp\/v2\/product_cat?post=8312"},{"taxonomy":"product_tag","embeddable":true,"href":"https:\/\/www.camaleontattoo.com\/tienda\/wp-json\/wp\/v2\/product_tag?post=8312"}],"curies":[{"name":"wp","href":"https:\/\/api.w.org\/{rel}","templated":true}]}}