{"id":8296,"date":"2023-07-27T00:23:13","date_gmt":"2023-07-27T00:23:13","guid":{"rendered":"https:\/\/www.camaleontattoo.com\/tienda\/?post_type=product&#038;p=8296"},"modified":"2023-07-27T00:23:14","modified_gmt":"2023-07-27T00:23:14","slug":"simple-heart","status":"publish","type":"product","link":"https:\/\/www.camaleontattoo.com\/tienda\/aros-piercings\/simple-heart\/","title":{"rendered":"Simple heart"},"content":{"rendered":"<h3><b>Aro de acero quir\u00fargico con forma de coraz\u00f3n<\/b><\/h3>\n<p>La forma del coraz\u00f3n es ampliamente reconocida como un<strong> s\u00edmbolo del amor, el cari\u00f1o, la amistad y la compasi\u00f3n hacia los dem\u00e1s<\/strong>. Si est\u00e1s buscando una joya que est\u00e9 a la altura de tu cari\u00f1o este aro de acero quir\u00fargico con forma de coraz\u00f3n es perfecto para ti. Adem\u00e1s, la forma del coraz\u00f3n se asocia con <strong>sentimientos positivos, como la felicidad, la alegr\u00eda y la gratitud<\/strong>. Siendo ideal para regalar a esa persona especial.<\/p>\n<h3>\u00bfEn qu\u00e9 piercings puedo usarlo?<\/h3>\n<p>Este aro de acero quir\u00fargico con forma de coraz\u00f3n <strong>es ideal para el piercing daith<\/strong>, aunque puedes usarlo en otras perforaciones ya cicatrizadas si as\u00ed lo deseas.<\/p>\n<p>Este aro tiene un <strong>dise\u00f1o simple y c\u00f3modo<\/strong>, con un <strong>cierre de click<\/strong> con una bisagra de alta calidad, que te permitir\u00e1 cambiar c\u00f3modamente tus piercings.<\/p>\n<p>El acero quir\u00fargico grado implante es un material de alta calidad, es altamente resistente a la corrosi\u00f3n y no se ve afectado f\u00e1cilmente por los fluidos corporales. El acero quir\u00fargico grado implante, es elegido para la joyer\u00eda de piercing por su <strong>resistencia, durabilidad y compatibilidad biol\u00f3gica<\/strong>.<\/p>\n<p>En Camale\u00f3n Tattoo s\u00f3lo ofrecemos productos de la mejor calidad, por eso la tienda online de Camale\u00f3n Tattoo es una apuesta segura para comprar piercings online.<\/p>\n<h3>Informaci\u00f3n adicional<\/h3>\n<p>Grosor: 1,2 mm<br \/>\nDi\u00e1metro interno: 8,0 mm<br \/>\nTipo de cierre: bisagra<br \/>\nMaterial: acero quir\u00fargico 316L<br \/>\nColor: plateado, dorado<\/p>\n","protected":false},"excerpt":{"rendered":"<p>Aro de acero quir\u00fargico con forma de coraz\u00f3n. Cierre de click con bisagra de alta calidad. Disponible en plateado y dorado. Perfecto para el piercing Daith.<\/p>\n","protected":false},"featured_media":8297,"comment_status":"open","ping_status":"closed","template":"","meta":[],"product_brand":[],"product_cat":[64],"product_tag":[101],"class_list":{"0":"post-8296","1":"product","2":"type-product","3":"status-publish","4":"has-post-thumbnail","6":"product_cat-aros-piercings","7":"product_tag-daith","9":"first","10":"instock","11":"taxable","12":"shipping-taxable","13":"product-type-variable"},"_links":{"self":[{"href":"https:\/\/www.camaleontattoo.com\/tienda\/wp-json\/wp\/v2\/product\/8296","targetHints":{"allow":["GET"]}}],"collection":[{"href":"https:\/\/www.camaleontattoo.com\/tienda\/wp-json\/wp\/v2\/product"}],"about":[{"href":"https:\/\/www.camaleontattoo.com\/tienda\/wp-json\/wp\/v2\/types\/product"}],"replies":[{"embeddable":true,"href":"https:\/\/www.camaleontattoo.com\/tienda\/wp-json\/wp\/v2\/comments?post=8296"}],"wp:featuredmedia":[{"embeddable":true,"href":"https:\/\/www.camaleontattoo.com\/tienda\/wp-json\/wp\/v2\/media\/8297"}],"wp:attachment":[{"href":"https:\/\/www.camaleontattoo.com\/tienda\/wp-json\/wp\/v2\/media?parent=8296"}],"wp:term":[{"taxonomy":"product_brand","embeddable":true,"href":"https:\/\/www.camaleontattoo.com\/tienda\/wp-json\/wp\/v2\/product_brand?post=8296"},{"taxonomy":"product_cat","embeddable":true,"href":"https:\/\/www.camaleontattoo.com\/tienda\/wp-json\/wp\/v2\/product_cat?post=8296"},{"taxonomy":"product_tag","embeddable":true,"href":"https:\/\/www.camaleontattoo.com\/tienda\/wp-json\/wp\/v2\/product_tag?post=8296"}],"curies":[{"name":"wp","href":"https:\/\/api.w.org\/{rel}","templated":true}]}}