{"id":8210,"date":"2022-11-07T17:37:40","date_gmt":"2022-11-07T17:37:40","guid":{"rendered":"https:\/\/www.camaleontattoo.com\/tienda\/?post_type=product&#038;p=8210"},"modified":"2024-11-10T05:18:59","modified_gmt":"2024-11-10T05:18:59","slug":"mamba","status":"publish","type":"product","link":"https:\/\/www.camaleontattoo.com\/tienda\/dilataciones-piercings\/mamba\/","title":{"rendered":"Mamba"},"content":{"rendered":"<h2><b>Dilataci\u00f3n semiabierta con forma de Serpiente<\/b><\/h2>\n<p>Las serpientes tienen muchos significados, para algunas personas son un <strong>s\u00edmbolo de sabidur\u00eda, riqueza, fortaleza, salud, longevidad e inmortalidad<\/strong>, aunque para otras personas representan el demonio, la tentaci\u00f3n y el mal. Signifique lo que signifique esta dilataci\u00f3n semiabierta de acero quir\u00fargico con forma de serpiente, \u00a1ES LO M\u00c1S!<\/p>\n<blockquote><p>Si te gustan las joyas con forma de serpiente tambi\u00e9n te puede interesar este <a href=\"https:\/\/www.camaleontattoo.com\/tienda\/barbell\/serpiente\/\">top de serpiente<\/a><\/p><\/blockquote>\n<p><span style=\"font-weight: 400;\">Esta clase de dilataci\u00f3n semiabierta de acero quir\u00fargico con forma de serpiente <strong>se vende por par<\/strong>. Puedes encontrar tu par<strong> desde los 8mm hasta los 28mm<\/strong>, recomendamos su uso s\u00f3lo si tienes tus dilataciones bien curadas. Su forma es doble acampanado, lo que significa que es m\u00e1s delgada en el centro y sus bordes m\u00e1s anchos, ayudando a sentir el t\u00fanel bien sujeto una vez colocado en tu oreja, y que no se caiga cuando te inclines, sacudas la cabeza o partas la pista en la disco.<br \/>\n<\/span><\/p>\n<p>Esta dilataci\u00f3n semiabierta est\u00e1 disponible en varios tama\u00f1os. Cuanto m\u00e1s grande sea el di\u00e1metro, m\u00e1s se aprecian los detalles de la serpiente, pero <strong>debes elegir el tama\u00f1o adecuado para tu dilataci\u00f3n<\/strong>. La manera correcta de colocarlo, ser\u00eda empezar por la parte de abajo y dejar la zona semiabierta para el final.<\/p>\n<p><span style=\"font-weight: 400;\">Nuestra joyer\u00eda no contiene n\u00edquel, <\/span><span style=\"font-weight: 400;\">por lo que <strong>no produce ning\u00fan tipo de reacci\u00f3n al\u00e9rgica<\/strong>. <\/span><span style=\"font-weight: 400;\">Puedes llevar esta dilataci\u00f3n semiabierta a diario, meterla en el agua, que no perder\u00e1 su forma ni color original.<\/span><\/p>\n<p><span style=\"font-weight: 400;\">En la tienda online de Camale\u00f3n Tattoo s\u00f3lo encontrar\u00e1s joyer\u00eda de la mejor calidad, es un lugar de confianza donde comprar piercings online, con todas las garant\u00edas. Si tienes alguna pregunta <strong>no dudes en consultarnos<\/strong> en Camale\u00f3n Tattoo, estaremos encantados de ayudarte.<\/span><\/p>\n<h3><b>Informaci\u00f3n adicional<\/b><\/h3>\n<p><span style=\"font-weight: 400;\">Tallas: 8 mm, 10 mm, 12 mm, 14 mm, 16 mm, 18 mm, 20 mm, 22 mm, 24 mm, 26 mm, 28 mm<\/span><\/p>\n<p><span style=\"font-weight: 400;\">Material: acero quir\u00fargico<\/span><\/p>\n<p><span style=\"font-weight: 400;\">Color: Plateado<\/span><\/p>\n<p><span style=\"font-weight: 400;\">Unidades: 2<\/span><\/p>\n","protected":false},"excerpt":{"rendered":"<p>Dilataci\u00f3n semiabierta de acero quir\u00fargico con forma de serpiente. Se vende por par, p<span style=\"font-weight: 400;\">uedes encontrar tu par desde los 8mm hasta los 28mm.<\/span><\/p>\n<p>&nbsp;<\/p>\n<p>&nbsp;<\/p>\n","protected":false},"featured_media":8211,"comment_status":"open","ping_status":"closed","template":"","meta":[],"product_brand":[],"product_cat":[67],"product_tag":[105],"class_list":{"0":"post-8210","1":"product","2":"type-product","3":"status-publish","4":"has-post-thumbnail","6":"product_cat-dilataciones-piercings","7":"product_tag-lobulo-lobe","9":"first","10":"instock","11":"taxable","12":"shipping-taxable","13":"purchasable","14":"product-type-variable"},"_links":{"self":[{"href":"https:\/\/www.camaleontattoo.com\/tienda\/wp-json\/wp\/v2\/product\/8210","targetHints":{"allow":["GET"]}}],"collection":[{"href":"https:\/\/www.camaleontattoo.com\/tienda\/wp-json\/wp\/v2\/product"}],"about":[{"href":"https:\/\/www.camaleontattoo.com\/tienda\/wp-json\/wp\/v2\/types\/product"}],"replies":[{"embeddable":true,"href":"https:\/\/www.camaleontattoo.com\/tienda\/wp-json\/wp\/v2\/comments?post=8210"}],"wp:featuredmedia":[{"embeddable":true,"href":"https:\/\/www.camaleontattoo.com\/tienda\/wp-json\/wp\/v2\/media\/8211"}],"wp:attachment":[{"href":"https:\/\/www.camaleontattoo.com\/tienda\/wp-json\/wp\/v2\/media?parent=8210"}],"wp:term":[{"taxonomy":"product_brand","embeddable":true,"href":"https:\/\/www.camaleontattoo.com\/tienda\/wp-json\/wp\/v2\/product_brand?post=8210"},{"taxonomy":"product_cat","embeddable":true,"href":"https:\/\/www.camaleontattoo.com\/tienda\/wp-json\/wp\/v2\/product_cat?post=8210"},{"taxonomy":"product_tag","embeddable":true,"href":"https:\/\/www.camaleontattoo.com\/tienda\/wp-json\/wp\/v2\/product_tag?post=8210"}],"curies":[{"name":"wp","href":"https:\/\/api.w.org\/{rel}","templated":true}]}}