{"id":8068,"date":"2021-12-13T17:11:49","date_gmt":"2021-12-13T17:11:49","guid":{"rendered":"https:\/\/www.camaleontattoo.com\/tienda\/?post_type=product&#038;p=8068"},"modified":"2022-01-10T15:19:48","modified_gmt":"2022-01-10T15:19:48","slug":"top-centro-opalo","status":"publish","type":"product","link":"https:\/\/www.camaleontattoo.com\/tienda\/barbell\/top-centro-opalo\/","title":{"rendered":"Centro \u00f3palo"},"content":{"rendered":"<h2><span >Ten \u00f3palo y tendr\u00e1s un pedacito de cielo<\/span><\/h2>\n<p><span >Durante siglos la piedra del \u00f3palo ha estado rodeada por un halo de magia, mitos y leyendas. Se lleg\u00f3 a considerar la piedra m\u00e1s valiosa, su nombre deriva precisamente del lat\u00edn \u201cUpala\u201d, que literalmente significa \u201cpiedra preciosa\u201d. <\/span><i><span >Su principal caracter\u00edstica son las refracciones \u00f3pticas<\/span><\/i><span >, es decir el cambio de colores. El \u00f3palo tiene un amplio abanico de color que <\/span><b>var\u00eda seg\u00fan la luz que recibe<\/b><span >, lo que le proporciona esa caracter\u00edstica dulce y m\u00edstica&#8230; \u00a1Esperamos que te guste tanto este top de acero quir\u00fargico con centro de \u00f3palo como a nosotros!<\/span><\/p>\n<blockquote><p><strong>Tambi\u00e9n te puede interesar <a href=\"https:\/\/www.camaleontattoo.com\/tienda\/barbell\/top-rayito\/\">rayito<\/a><\/strong><\/p><\/blockquote>\n<p><span >Este hermoso top de rosca interna est\u00e1 hecho de<\/span><b> acero quir\u00fargico 316L<\/b><span > y est\u00e1 decorado con una piedra de \u00f3palo blanco en el centro. El <\/span><b>grosor de la <a href=\"https:\/\/www.camaleontattoo.com\/tienda\/barbell\/barras\/\">barra<\/a> es de 1,2 mm<\/b><span >, no est\u00e1 incluida, puedes encontrarla aqu\u00ed.<\/span><\/p>\n<h3><span >\u00bfPara d\u00f3nde sirve esta joya?<\/span><\/h3>\n<p><span >Este top de acero quir\u00fargico con centro de \u00f3palo combinado con una barra barbell es ideal para piercings como el <\/span><b>tragus, helix, conch o l\u00f3bulo<\/b><span >. Por supuesto tambi\u00e9n lo puedes usar en otros piercings, pero probablemente estos son los m\u00e1s conocidos.<\/span><\/p>\n<p><span >Sin embargo, <\/span><b>no te recomendamos que cambies de joya hasta que tu piercing no est\u00e9 curado al 100%<\/b><span >.<\/span><\/p>\n<p><span >Si tienes alguna duda sobre el producto de la tienda online de Camale\u00f3n Tattoo, preg\u00fantanos sin compromiso, el equipo de Camale\u00f3n Tattoo est\u00e1 para ayudarte.<\/span><\/p>\n<h3><span >Informaci\u00f3n adicional<\/span><\/h3>\n<ul>\n<li  aria-level=\"1\"><span >Grosor de la rosca: 0,8mm para barra de 1,2mm (no incluida)\u00a0<\/span><\/li>\n<li  aria-level=\"1\"><span >Tama\u00f1o del top: 4,0 mm<\/span><\/li>\n<li  aria-level=\"1\"><span >Material: acero quiru\u0301rgico 316L, centro de \u00f3palo blanco<\/span><\/li>\n<li  aria-level=\"1\"><span >Color: plateado, dorado<\/span><\/li>\n<\/ul>\n","protected":false},"excerpt":{"rendered":"<p><span style=\"font-weight: 400;\">Top para la oreja de acero quir\u00fargico con centro de \u00f3palo. Ideal para piercings de la oreja o de la boca. Colores dorado y plateado<\/span><\/p>\n","protected":false},"featured_media":8071,"comment_status":"open","ping_status":"closed","template":"","meta":[],"product_brand":[],"product_cat":[110,111],"product_tag":[104,102,121,99,98,107,105,112,113,103],"class_list":{"0":"post-8068","1":"product","2":"type-product","3":"status-publish","4":"has-post-thumbnail","6":"product_cat-barbell","7":"product_cat-labret","8":"product_tag-anti-tragus","9":"product_tag-conch","10":"product_tag-flat","11":"product_tag-forward-helix","12":"product_tag-helix","13":"product_tag-labio","14":"product_tag-lobulo-lobe","15":"product_tag-medusa","16":"product_tag-monroe","17":"product_tag-tragus","19":"first","20":"outofstock","21":"taxable","22":"shipping-taxable","23":"purchasable","24":"product-type-variable"},"_links":{"self":[{"href":"https:\/\/www.camaleontattoo.com\/tienda\/wp-json\/wp\/v2\/product\/8068","targetHints":{"allow":["GET"]}}],"collection":[{"href":"https:\/\/www.camaleontattoo.com\/tienda\/wp-json\/wp\/v2\/product"}],"about":[{"href":"https:\/\/www.camaleontattoo.com\/tienda\/wp-json\/wp\/v2\/types\/product"}],"replies":[{"embeddable":true,"href":"https:\/\/www.camaleontattoo.com\/tienda\/wp-json\/wp\/v2\/comments?post=8068"}],"wp:featuredmedia":[{"embeddable":true,"href":"https:\/\/www.camaleontattoo.com\/tienda\/wp-json\/wp\/v2\/media\/8071"}],"wp:attachment":[{"href":"https:\/\/www.camaleontattoo.com\/tienda\/wp-json\/wp\/v2\/media?parent=8068"}],"wp:term":[{"taxonomy":"product_brand","embeddable":true,"href":"https:\/\/www.camaleontattoo.com\/tienda\/wp-json\/wp\/v2\/product_brand?post=8068"},{"taxonomy":"product_cat","embeddable":true,"href":"https:\/\/www.camaleontattoo.com\/tienda\/wp-json\/wp\/v2\/product_cat?post=8068"},{"taxonomy":"product_tag","embeddable":true,"href":"https:\/\/www.camaleontattoo.com\/tienda\/wp-json\/wp\/v2\/product_tag?post=8068"}],"curies":[{"name":"wp","href":"https:\/\/api.w.org\/{rel}","templated":true}]}}