{"id":8062,"date":"2021-12-13T17:09:10","date_gmt":"2021-12-13T17:09:10","guid":{"rendered":"https:\/\/www.camaleontattoo.com\/tienda\/?post_type=product&#038;p=8062"},"modified":"2023-04-25T10:06:50","modified_gmt":"2023-04-25T10:06:50","slug":"top-bayas","status":"publish","type":"product","link":"https:\/\/www.camaleontattoo.com\/tienda\/barbell\/top-bayas\/","title":{"rendered":"Top Bayas"},"content":{"rendered":"<h1><span style=\"font-weight: 400;\">Minimal top de acero quir\u00fargico de tres bolas\u00a0<\/span><\/h1>\n<p><span>Esta clase de joya es perfecta para decorar tu oreja sutilmente, sin llamar demasiado la atenci\u00f3n. Personalmente nos encantan las orejitas que juegan con piercings sencillos como este top de acero quir\u00fargico de tres bolas, al mismo tiempo que tienen algo que destaca, bien sea una dilataci\u00f3n de color, un aro con brillos, pesos con formas alternativas\u2026 Las posibilidades de tener tus orejitas bonitas son infinitas.<\/span><\/p>\n<p><span>Este top de acero quir\u00fargico de tres bolas tiene un cierre de rosca interna de 0,8 mm. El conjunto de las bolitas es de unos 3,0 mm. La <a href=\"https:\/\/www.camaleontattoo.com\/tienda\/barbell\/barras\/\">barra<\/a> de titanio G23 (no incluida) tiene un grosor de 1,2 mm, estos productos est\u00e1n pensados para comprar una barra para poder intercambiar distintos tops.<\/span><\/p>\n<h3><span>\u00bfD\u00f3nde puedes usarlo?<\/span><\/h3>\n<p><span>Los tops con las barras son ideales para piercings como el <\/span><b>tragus, helix, forward helix, flat, conch, l\u00f3bulo, medusa, el monroe<\/b><span>. Por supuesto tambi\u00e9n lo puedes usar en otros piercings, pero probablemente estos son los m\u00e1s conocidos.<\/span><\/p>\n<p><span>Cualquiera de nuestros tops combinados con una barra labret es ideal\u00a0 para piercings del labio como el medusa o el monroe. Ya que su extremo plano evita el roce excesivo con los dientes, evitando el posible desgaste del esmalte.<\/span><\/p>\n<p><span>Adem\u00e1s los labret de titanio G23 son ideales para piercings como el h\u00e9lix, tragus, l\u00f3bulo, conch\u2026 entre otros. Tenemos clientes que por su anatom\u00eda, las bolas traseras de los barbels les resultan inc\u00f3modas. As\u00ed que si no te gusta la est\u00e9tica de los aros y te incomodan las bolitas, un labret como este es la mejor opci\u00f3n sin duda..<\/span><\/p>\n<p><span>Como siempre nosotros recomendamos que no cambies de joya hasta que tu piercing est\u00e9 curado al 100%.<\/span><\/p>\n<blockquote><p><strong>Tambi\u00e9n te puede interesar <a href=\"https:\/\/www.camaleontattoo.com\/tienda\/barbell\/top-rayito\/\">rayito<\/a><\/strong><\/p><\/blockquote>\n<p><span>Si tienes alguna duda sobre el producto de la tienda online de Camale\u00f3n Tattoo, preg\u00fantanos sin compromiso, el equipo de Camale\u00f3n Tattoo est\u00e1 para ayudarte.\u00a0<\/span><\/p>\n<p><b>Informaci\u00f3n adicional<\/b><\/p>\n<ul>\n<li style=\"font-weight: 400;\" aria-level=\"1\"><span style=\"font-weight: 400;\">Grosor de la rosca: 0,8 mm para barra de 1,2mm (no incluida)\u00a0<\/span><\/li>\n<li style=\"font-weight: 400;\" aria-level=\"1\"><span style=\"font-weight: 400;\">Tama\u00f1o del top: 3 mm<\/span><\/li>\n<li style=\"font-weight: 400;\" aria-level=\"1\"><span style=\"font-weight: 400;\">Material: acero quiru\u0301rgico 316L<\/span><\/li>\n<li><span style=\"font-weight: 400;\">Color: plateado, dorado<\/span><\/li>\n<\/ul>\n","protected":false},"excerpt":{"rendered":"<p><span style=\"font-weight: 400;\">Top de acero quir\u00fargico 316L con forma de tres bolas. Disponible en plateado y dorado.<\/span><\/p>\n","protected":false},"featured_media":8065,"comment_status":"open","ping_status":"closed","template":"","meta":[],"product_brand":[],"product_cat":[110,111],"product_tag":[102,99,98,107,105,112,113,103],"class_list":{"0":"post-8062","1":"product","2":"type-product","3":"status-publish","4":"has-post-thumbnail","6":"product_cat-barbell","7":"product_cat-labret","8":"product_tag-conch","9":"product_tag-forward-helix","10":"product_tag-helix","11":"product_tag-labio","12":"product_tag-lobulo-lobe","13":"product_tag-medusa","14":"product_tag-monroe","15":"product_tag-tragus","17":"first","18":"outofstock","19":"taxable","20":"shipping-taxable","21":"purchasable","22":"product-type-variable"},"_links":{"self":[{"href":"https:\/\/www.camaleontattoo.com\/tienda\/wp-json\/wp\/v2\/product\/8062","targetHints":{"allow":["GET"]}}],"collection":[{"href":"https:\/\/www.camaleontattoo.com\/tienda\/wp-json\/wp\/v2\/product"}],"about":[{"href":"https:\/\/www.camaleontattoo.com\/tienda\/wp-json\/wp\/v2\/types\/product"}],"replies":[{"embeddable":true,"href":"https:\/\/www.camaleontattoo.com\/tienda\/wp-json\/wp\/v2\/comments?post=8062"}],"wp:featuredmedia":[{"embeddable":true,"href":"https:\/\/www.camaleontattoo.com\/tienda\/wp-json\/wp\/v2\/media\/8065"}],"wp:attachment":[{"href":"https:\/\/www.camaleontattoo.com\/tienda\/wp-json\/wp\/v2\/media?parent=8062"}],"wp:term":[{"taxonomy":"product_brand","embeddable":true,"href":"https:\/\/www.camaleontattoo.com\/tienda\/wp-json\/wp\/v2\/product_brand?post=8062"},{"taxonomy":"product_cat","embeddable":true,"href":"https:\/\/www.camaleontattoo.com\/tienda\/wp-json\/wp\/v2\/product_cat?post=8062"},{"taxonomy":"product_tag","embeddable":true,"href":"https:\/\/www.camaleontattoo.com\/tienda\/wp-json\/wp\/v2\/product_tag?post=8062"}],"curies":[{"name":"wp","href":"https:\/\/api.w.org\/{rel}","templated":true}]}}