{"id":8056,"date":"2021-12-13T16:45:54","date_gmt":"2021-12-13T16:45:54","guid":{"rendered":"https:\/\/www.camaleontattoo.com\/tienda\/?post_type=product&#038;p=8056"},"modified":"2024-07-27T22:21:16","modified_gmt":"2024-07-27T22:21:16","slug":"top-trifolium","status":"publish","type":"product","link":"https:\/\/www.camaleontattoo.com\/tienda\/barbell\/top-trifolium\/","title":{"rendered":"Top Trifolium"},"content":{"rendered":"<h1><span>Elegante top con tres brillos para la oreja<\/span><\/h1>\n<p><span>\u00bfSab\u00edas que el tres es el n\u00famero m\u00e1s sagrado para la cultura celta? Representa la perfecci\u00f3n y el equilibrio. El triskel es la representaci\u00f3n m\u00e1s perfecta del n\u00famero m\u00e1gico \u201c3\u201d de los celtas, por eso creemos que este top de acero quir\u00fargico con tres brillos les encantar\u00eda. Aunque a nosotros nos importa que te guste a ti.<\/span><\/p>\n<p><span>Los tops de acero quir\u00fargico son una excelente elecci\u00f3n para decorar tus orejas y cuidarlas al mismo tiempo. Este top con tres brillos est\u00e1 disponible en dos colores, plateado y dorado. Su dise\u00f1o recuerda a un tr\u00e9bol, cuyas hojas son brillantes de zirconia engarzada.<\/span><\/p>\n<p><span>La <a href=\"https:\/\/www.camaleontattoo.com\/tienda\/barbell\/barras\/\">barra<\/a> de esta joya<\/span><span style=\"font-weight: 400;\"> no est\u00e1 incluida, es de <\/span><b>titanio G23<\/b><span> de <\/span><b>1,2 mm de grosor y 6,0 u 8,0 mm de longitud<\/b><span>. La parte de los brillos es de 3,0 mm. Su <strong>cierre es de rosca interna<\/strong> de 0,8mm. La colocaci\u00f3n es sencilla, encajar la rosca en la barra y rotarla hasta que haga tope. Recomendamos utilizar guantes de l\u00e1tex para que no resbale.<\/span><\/p>\n<p><span>Puedes comprar una sola barra y combinarla con cualquiera de los tops de nuestra tienda online.<\/span><\/p>\n<h3><span>\u00bfPara d\u00f3nde sirve esta joya?<\/span><\/h3>\n<p><span>Este top de acero quir\u00fargico con tres brillos es ideal para piercings como el <\/span><b>tragus, h\u00e9lix, forward helix, flat, conch, l\u00f3bulo, medusa, el monroe<\/b><span>. Por supuesto tambi\u00e9n lo puedes usar en otros piercings, pero probablemente estos son los m\u00e1s conocidos.<\/span><\/p>\n<p><span>Sin embargo, <\/span><b>no te recomendamos cambiar de joya hasta que tu piercing est\u00e9 curado al 100%<\/b><span>.<\/span><\/p>\n<blockquote><p><b>Si te ha gustado esta joya quiz\u00e1s te guste<\/b> <a href=\"https:\/\/www.camaleontattoo.com\/tienda\/barbell\/top-lis\/\"><strong>Lis<\/strong><\/a><b> o <a href=\"https:\/\/www.camaleontattoo.com\/tienda\/barbell\/top-flor-loto\/\">Nen\u00fafar<\/a>.<\/b><\/p><\/blockquote>\n<p><span>Si tienes alguna duda sobre alg\u00fan producto de la tienda online de Camale\u00f3n Tattoo, preg\u00fantanos sin compromiso, el equipo de Camale\u00f3n Tattoo est\u00e1 para ayudarte.<\/span><\/p>\n<h3>Informaci\u00f3n adicional<\/h3>\n<ul>\n<li style=\"font-weight: 400;\" aria-level=\"1\"><span style=\"font-weight: 400;\">Grosor de la rosca: 0,8mm para barra de 1,2mm (no incluida)\u00a0<\/span><\/li>\n<li style=\"font-weight: 400;\" aria-level=\"1\"><span style=\"font-weight: 400;\">Tama\u00f1o del top: 3,5 mm<\/span><\/li>\n<li style=\"font-weight: 400;\" aria-level=\"1\"><span style=\"font-weight: 400;\">Material: acero quiru\u0301rgico 316L, zirconia blanca engarzada<\/span><\/li>\n<li style=\"font-weight: 400;\" aria-level=\"1\"><span style=\"font-weight: 400;\">Color: plateado, dorado<\/span><\/li>\n<\/ul>\n","protected":false},"excerpt":{"rendered":"<p><span style=\"font-weight: 400;\">Top de acero quir\u00fargico con tres brillos blancos en forma de tr\u00e9bol. Ideal para los piercings de la oreja. Cierre de rosca interna. Colores dorado y plateado<\/span><\/p>\n","protected":false},"featured_media":8059,"comment_status":"open","ping_status":"closed","template":"","meta":[],"product_brand":[],"product_cat":[110,111],"product_tag":[104,102,99,98,105,112,113,103],"class_list":{"0":"post-8056","1":"product","2":"type-product","3":"status-publish","4":"has-post-thumbnail","6":"product_cat-barbell","7":"product_cat-labret","8":"product_tag-anti-tragus","9":"product_tag-conch","10":"product_tag-forward-helix","11":"product_tag-helix","12":"product_tag-lobulo-lobe","13":"product_tag-medusa","14":"product_tag-monroe","15":"product_tag-tragus","17":"first","18":"instock","19":"taxable","20":"shipping-taxable","21":"purchasable","22":"product-type-variable"},"_links":{"self":[{"href":"https:\/\/www.camaleontattoo.com\/tienda\/wp-json\/wp\/v2\/product\/8056","targetHints":{"allow":["GET"]}}],"collection":[{"href":"https:\/\/www.camaleontattoo.com\/tienda\/wp-json\/wp\/v2\/product"}],"about":[{"href":"https:\/\/www.camaleontattoo.com\/tienda\/wp-json\/wp\/v2\/types\/product"}],"replies":[{"embeddable":true,"href":"https:\/\/www.camaleontattoo.com\/tienda\/wp-json\/wp\/v2\/comments?post=8056"}],"wp:featuredmedia":[{"embeddable":true,"href":"https:\/\/www.camaleontattoo.com\/tienda\/wp-json\/wp\/v2\/media\/8059"}],"wp:attachment":[{"href":"https:\/\/www.camaleontattoo.com\/tienda\/wp-json\/wp\/v2\/media?parent=8056"}],"wp:term":[{"taxonomy":"product_brand","embeddable":true,"href":"https:\/\/www.camaleontattoo.com\/tienda\/wp-json\/wp\/v2\/product_brand?post=8056"},{"taxonomy":"product_cat","embeddable":true,"href":"https:\/\/www.camaleontattoo.com\/tienda\/wp-json\/wp\/v2\/product_cat?post=8056"},{"taxonomy":"product_tag","embeddable":true,"href":"https:\/\/www.camaleontattoo.com\/tienda\/wp-json\/wp\/v2\/product_tag?post=8056"}],"curies":[{"name":"wp","href":"https:\/\/api.w.org\/{rel}","templated":true}]}}