{"id":8042,"date":"2021-12-13T16:39:03","date_gmt":"2021-12-13T16:39:03","guid":{"rendered":"https:\/\/www.camaleontattoo.com\/tienda\/?post_type=product&#038;p=8042"},"modified":"2023-04-25T10:06:50","modified_gmt":"2023-04-25T10:06:50","slug":"top-calavera","status":"publish","type":"product","link":"https:\/\/www.camaleontattoo.com\/tienda\/barbell\/top-calavera\/","title":{"rendered":"Calavera"},"content":{"rendered":"<h2>Esta joya te va a quedar \u00a1DE MUERTE!<\/h2>\n<p>El top de acero quir\u00fargico con forma de calavera es todo un cl\u00e1sico que nunca pasar\u00e1 de moda.<\/p>\n<blockquote><p><strong>Tambi\u00e9n te puede gustar <a href=\"https:\/\/www.camaleontattoo.com\/tienda\/barbell\/top-rayito\/\">rayito<\/a> o<a href=\"https:\/\/www.camaleontattoo.com\/tienda\/barbell\/serpiente\/\"> serpiente<\/a><\/strong><\/p><\/blockquote>\n<h3>Donde puedo usarlo<\/h3>\n<p>Puedes usarlo donde m\u00e1s te guste<strong> l\u00f3bulo, tragus, helix, conch, flat, forward helix, medusa<\/strong>\u2026 \u00a1Donde quieras! No olvides comprar la <a href=\"https:\/\/www.camaleontattoo.com\/tienda\/barbell\/barras\/\">barra<\/a> del tama\u00f1o adecuado para poder usarlo.<\/p>\n<h3>C\u00f3mo colocarlo<\/h3>\n<p>Nosotros recomendamos cambiar la joya una vez que tu piercing este perfectamente cicatrizado. Lo ideal es que te lo coloque tu piercer de confianza, para que no te hagas da\u00f1o. Pero si quieres hacerlo por tu cuenta, realiza la operaci\u00f3n en un entorno limpio. Lava bien las manos y utiliza guantes de l\u00e1tex para poder apretarlo sin que te resbale en los dedos. Tambi\u00e9n recomendamos colocar una toalla debajo para que en caso de que se caiga el top de acero quir\u00fargico con forma de calavera no rebote y lo pierdas.<\/p>\n<p>Cualquier duda, por favor, contacta con nosotros. En el estudio de piercings y tatuajes de Camale\u00f3n Tattoo estaremos encantados de ayudarte.<\/p>\n<h3>Informaci\u00f3n adicional<\/h3>\n<ul>\n<li style=\"font-weight: 400;\" aria-level=\"1\"><span style=\"font-weight: 400;\">Grosor de la rosca: 0,8mm para barra de 1,2mm (no incluida)\u00a0<\/span><\/li>\n<li style=\"font-weight: 400;\" aria-level=\"1\"><span style=\"font-weight: 400;\">Tama\u00f1o del top: 6,5 mm<\/span><\/li>\n<li style=\"font-weight: 400;\" aria-level=\"1\"><span style=\"font-weight: 400;\">Material: acero quiru\u0301rgico 316L<\/span><\/li>\n<li><span style=\"font-weight: 400;\">Color: plateado, dorado<\/span><\/li>\n<\/ul>\n","protected":false},"excerpt":{"rendered":"<p><span style=\"font-weight: 400;\">Top de acero quiru\u0301rgico 316L con forma de calavera, cierre de rosca interna. Colores plateado y dorado.<\/span><\/p>\n","protected":false},"featured_media":8045,"comment_status":"open","ping_status":"closed","template":"","meta":[],"product_brand":[],"product_cat":[110,111],"product_tag":[104,102,98,107,105,112,113,103],"class_list":{"0":"post-8042","1":"product","2":"type-product","3":"status-publish","4":"has-post-thumbnail","6":"product_cat-barbell","7":"product_cat-labret","8":"product_tag-anti-tragus","9":"product_tag-conch","10":"product_tag-helix","11":"product_tag-labio","12":"product_tag-lobulo-lobe","13":"product_tag-medusa","14":"product_tag-monroe","15":"product_tag-tragus","17":"first","18":"outofstock","19":"taxable","20":"shipping-taxable","21":"purchasable","22":"product-type-variable"},"_links":{"self":[{"href":"https:\/\/www.camaleontattoo.com\/tienda\/wp-json\/wp\/v2\/product\/8042","targetHints":{"allow":["GET"]}}],"collection":[{"href":"https:\/\/www.camaleontattoo.com\/tienda\/wp-json\/wp\/v2\/product"}],"about":[{"href":"https:\/\/www.camaleontattoo.com\/tienda\/wp-json\/wp\/v2\/types\/product"}],"replies":[{"embeddable":true,"href":"https:\/\/www.camaleontattoo.com\/tienda\/wp-json\/wp\/v2\/comments?post=8042"}],"wp:featuredmedia":[{"embeddable":true,"href":"https:\/\/www.camaleontattoo.com\/tienda\/wp-json\/wp\/v2\/media\/8045"}],"wp:attachment":[{"href":"https:\/\/www.camaleontattoo.com\/tienda\/wp-json\/wp\/v2\/media?parent=8042"}],"wp:term":[{"taxonomy":"product_brand","embeddable":true,"href":"https:\/\/www.camaleontattoo.com\/tienda\/wp-json\/wp\/v2\/product_brand?post=8042"},{"taxonomy":"product_cat","embeddable":true,"href":"https:\/\/www.camaleontattoo.com\/tienda\/wp-json\/wp\/v2\/product_cat?post=8042"},{"taxonomy":"product_tag","embeddable":true,"href":"https:\/\/www.camaleontattoo.com\/tienda\/wp-json\/wp\/v2\/product_tag?post=8042"}],"curies":[{"name":"wp","href":"https:\/\/api.w.org\/{rel}","templated":true}]}}