{"id":8025,"date":"2021-11-25T10:30:17","date_gmt":"2021-11-25T10:30:17","guid":{"rendered":"https:\/\/www.camaleontattoo.com\/tienda\/?post_type=product&#038;p=8025"},"modified":"2022-02-19T16:21:25","modified_gmt":"2022-02-19T16:21:25","slug":"barras","status":"publish","type":"product","link":"https:\/\/www.camaleontattoo.com\/tienda\/barbell\/barras\/","title":{"rendered":"Barras"},"content":{"rendered":"<p><span>\u00a1El comod\u00edn! Compra una sola barra de titanio y comb\u00ednala con todos los tops que quieras.<\/span><\/p>\n<p><span>Al utilizar tama\u00f1os est\u00e1ndar <strong>podr\u00e1s tener una gran variedad de tops<\/strong>, para que no te aburras de ellos y los cambies siempre que quieras.<\/span><\/p>\n<blockquote><p><span style=\"font-weight: 400;\">Por aqu\u00ed te dejamos los tops con m\u00e1s \u00e9xito <a href=\"https:\/\/www.camaleontattoo.com\/tienda\/barbell\/serpiente\/\">serpiente<\/a> y <a href=\"https:\/\/www.camaleontattoo.com\/tienda\/barbell\/top-trifolium\/\">trifolium<\/a><\/span><span style=\"font-weight: 400;\"><br \/>\n<\/span><\/p><\/blockquote>\n<p><span>Hay dos tipos de barra de titanio:<\/span><\/p>\n<ul>\n<li style=\"font-weight: 400;\" aria-level=\"1\"><span style=\"font-weight: 400;\"><strong>Barbel<\/strong>: son los que tienen por detr\u00e1s tienen forma de bola<\/span><\/li>\n<li style=\"font-weight: 400;\" aria-level=\"1\"><span style=\"font-weight: 400;\"><strong>Labret<\/strong>: barra con la parte trasera plana<\/span><\/li>\n<\/ul>\n<h3><span>\u00bfCu\u00e1l escojo? \u00bfSe usan para alg\u00fan piercing en concreto?<\/span><\/h3>\n<p><span>En el mundo de los piercing no hay una ciencia exacta. Hay personas que prefieren llevar la parte de atr\u00e1s redondeada porque sienten que se clava menos, o que es m\u00e1s f\u00e1cil de limpiar y otras personas opinan todo lo contrario. Como siempre decimos, esto <strong>se trata de encontrar lo que a ti te funciona<\/strong> y te sienta bien.<\/span><\/p>\n<p><span>Si tienes alguna duda el equipo de Camale\u00f3n Tattoo est\u00e1 para ayudarte.<\/span><\/p>\n<p><b>Informaci\u00f3n adicional:<\/b><\/p>\n<ul>\n<li style=\"font-weight: 400;\" aria-level=\"1\"><span style=\"font-weight: 400;\">Grosor de la barra: 1,2mm para tops de rosca de 0,8mm<\/span><\/li>\n<li style=\"font-weight: 400;\" aria-level=\"1\"><span style=\"font-weight: 400;\">Longitud: 6,0mm \/ 8,0mm<\/span><\/li>\n<li style=\"font-weight: 400;\" aria-level=\"1\"><span style=\"font-weight: 400;\">Material: titanio G23<\/span><\/li>\n<li style=\"font-weight: 400;\" aria-level=\"1\"><span style=\"font-weight: 400;\">Color: plateado, dorado<\/span><\/li>\n<\/ul>\n","protected":false},"excerpt":{"rendered":"<p><span style=\"font-weight: 400;\">Barras de titanio G23 con cierre de rosca interna. Colores plateado y dorado. Tipo labret y barbell. Ideal para los piercings de la oreja o de la boca.<\/span><\/p>\n","protected":false},"featured_media":8085,"comment_status":"open","ping_status":"closed","template":"","meta":[],"product_brand":[],"product_cat":[110,111],"product_tag":[],"class_list":{"0":"post-8025","1":"product","2":"type-product","3":"status-publish","4":"has-post-thumbnail","6":"product_cat-barbell","7":"product_cat-labret","9":"first","10":"instock","11":"taxable","12":"shipping-taxable","13":"purchasable","14":"product-type-variable"},"_links":{"self":[{"href":"https:\/\/www.camaleontattoo.com\/tienda\/wp-json\/wp\/v2\/product\/8025","targetHints":{"allow":["GET"]}}],"collection":[{"href":"https:\/\/www.camaleontattoo.com\/tienda\/wp-json\/wp\/v2\/product"}],"about":[{"href":"https:\/\/www.camaleontattoo.com\/tienda\/wp-json\/wp\/v2\/types\/product"}],"replies":[{"embeddable":true,"href":"https:\/\/www.camaleontattoo.com\/tienda\/wp-json\/wp\/v2\/comments?post=8025"}],"wp:featuredmedia":[{"embeddable":true,"href":"https:\/\/www.camaleontattoo.com\/tienda\/wp-json\/wp\/v2\/media\/8085"}],"wp:attachment":[{"href":"https:\/\/www.camaleontattoo.com\/tienda\/wp-json\/wp\/v2\/media?parent=8025"}],"wp:term":[{"taxonomy":"product_brand","embeddable":true,"href":"https:\/\/www.camaleontattoo.com\/tienda\/wp-json\/wp\/v2\/product_brand?post=8025"},{"taxonomy":"product_cat","embeddable":true,"href":"https:\/\/www.camaleontattoo.com\/tienda\/wp-json\/wp\/v2\/product_cat?post=8025"},{"taxonomy":"product_tag","embeddable":true,"href":"https:\/\/www.camaleontattoo.com\/tienda\/wp-json\/wp\/v2\/product_tag?post=8025"}],"curies":[{"name":"wp","href":"https:\/\/api.w.org\/{rel}","templated":true}]}}