{"id":7902,"date":"2021-03-18T16:25:18","date_gmt":"2021-03-18T16:25:18","guid":{"rendered":"https:\/\/www.camaleontattoo.com\/tienda\/?post_type=product&#038;p=7902"},"modified":"2022-08-24T11:32:50","modified_gmt":"2022-08-24T11:32:50","slug":"labret-de-opalo","status":"publish","type":"product","link":"https:\/\/www.camaleontattoo.com\/tienda\/labret\/labret-de-opalo\/","title":{"rendered":"Pincho de \u00f3palo"},"content":{"rendered":"<h2>Lleva este labret de \u00f3palo y deja crecer tu artista interior<\/h2>\n<p>Antiguamente se cre\u00eda que el \u00f3palo es una gema prohibida que esconde secretos. Se le atribuyen cualidades m\u00e1gicas, los alquimistas dec\u00edan que tiene la capacidad de aflorar todos los talentos. Este labret de \u00f3palo tiene una piedra con una energ\u00eda desbordante que hipnotiza, es la \u00fanica gema conocida capaz de reflectar los rayos de luz y transformarlos en todos<strong> los colores del arco\u00edris<\/strong>.<\/p>\n<p>Este labret de \u00f3palo con forma de pincho est\u00e1 hecho en <strong>acero quir\u00fargico grado implante<\/strong> con <strong>cierre de rosca interna<\/strong>. Tiene un <strong>grosor de 1,2 mm y un largo de 8,0 mm<\/strong>. El aplique de \u00f3palo es de<strong> 3,5 x 5,0 mm<\/strong>.<\/p>\n<h3>\u00bfD\u00f3nde puedes usarlo?<\/h3>\n<p>La caracter\u00edstica principal de los labrets es que tienen un extremo plano, por lo que lo hace ideal especialmente para <strong>piercings del labio como el medusa o el monroe<\/strong>. Ya que su parte plana evita el roce excesivo con los dientes, evitando el posible desgaste del esmalte.<\/p>\n<p>Adem\u00e1s este labret de \u00f3palo es ideal para piercings como el<strong> h\u00e9lix, tragus, l\u00f3bulo, conch<\/strong>&#8230; entre otros. Tenemos clientes que por su anatom\u00eda, una bola trasera como las los barbells les resulta inc\u00f3modo. As\u00ed que si no te gusta la est\u00e9tica de los aros y te incomodan las bolitas, un labret como este es la mejor opci\u00f3n.<\/p>\n<p>Como siempre nosotros no te recomendamos que cambies de joya, hasta que tu piercing no est\u00e9 curado al 100%.<\/p>\n<blockquote><p><strong>Tambi\u00e9n te puede interesar <a title=\"Labret de \u00f3palo con forma de pincho. Hecho en acero quir\u00fargico con cierre de rosca interna.\" href=\"https:\/\/www.camaleontattoo.com\/tienda\/labret\/labret-de-acero-quirurgico\/\" rel=\"\">bayas<\/a>.<\/strong><\/p><\/blockquote>\n<p>Si tienes alguna duda sobre el producto de la tienda online de Camale\u00f3n Tattoo, preg\u00fantanos sin compromiso, el equipo de Camale\u00f3n Tattoo est\u00e1 para ayudarte.<\/p>\n<p>&nbsp;<\/p>\n<h3>Informaci\u00f3n adicional<\/h3>\n<p>Grosor: 1,2 mm<br \/>\nLongitud: 8,0 mm<br \/>\nTama\u00f1o de la bola: 3,5 mm<br \/>\nTipo de cierre: rosca interna<br \/>\nMaterial: acero quir\u00fargico 316L y \u00f3palo<br \/>\nColor: plateado, dorado<\/p>\n","protected":false},"excerpt":{"rendered":"<p>Labret de \u00f3palo con forma de pincho, para piercings del labio o de la oreja. Hecho en acero quir\u00fargico grado implante. Disponible en dorado y plateado.<\/p>\n","protected":false},"featured_media":7903,"comment_status":"open","ping_status":"closed","template":"","meta":[],"product_brand":[],"product_cat":[111],"product_tag":[104,102,99,98,107,105,112,113,103],"class_list":{"0":"post-7902","1":"product","2":"type-product","3":"status-publish","4":"has-post-thumbnail","6":"product_cat-labret","7":"product_tag-anti-tragus","8":"product_tag-conch","9":"product_tag-forward-helix","10":"product_tag-helix","11":"product_tag-labio","12":"product_tag-lobulo-lobe","13":"product_tag-medusa","14":"product_tag-monroe","15":"product_tag-tragus","17":"first","18":"outofstock","19":"taxable","20":"shipping-taxable","21":"purchasable","22":"product-type-variable"},"_links":{"self":[{"href":"https:\/\/www.camaleontattoo.com\/tienda\/wp-json\/wp\/v2\/product\/7902","targetHints":{"allow":["GET"]}}],"collection":[{"href":"https:\/\/www.camaleontattoo.com\/tienda\/wp-json\/wp\/v2\/product"}],"about":[{"href":"https:\/\/www.camaleontattoo.com\/tienda\/wp-json\/wp\/v2\/types\/product"}],"replies":[{"embeddable":true,"href":"https:\/\/www.camaleontattoo.com\/tienda\/wp-json\/wp\/v2\/comments?post=7902"}],"wp:featuredmedia":[{"embeddable":true,"href":"https:\/\/www.camaleontattoo.com\/tienda\/wp-json\/wp\/v2\/media\/7903"}],"wp:attachment":[{"href":"https:\/\/www.camaleontattoo.com\/tienda\/wp-json\/wp\/v2\/media?parent=7902"}],"wp:term":[{"taxonomy":"product_brand","embeddable":true,"href":"https:\/\/www.camaleontattoo.com\/tienda\/wp-json\/wp\/v2\/product_brand?post=7902"},{"taxonomy":"product_cat","embeddable":true,"href":"https:\/\/www.camaleontattoo.com\/tienda\/wp-json\/wp\/v2\/product_cat?post=7902"},{"taxonomy":"product_tag","embeddable":true,"href":"https:\/\/www.camaleontattoo.com\/tienda\/wp-json\/wp\/v2\/product_tag?post=7902"}],"curies":[{"name":"wp","href":"https:\/\/api.w.org\/{rel}","templated":true}]}}