{"id":7878,"date":"2021-03-17T16:42:04","date_gmt":"2021-03-17T16:42:04","guid":{"rendered":"https:\/\/www.camaleontattoo.com\/tienda\/?post_type=product&#038;p=7878"},"modified":"2021-07-14T11:14:22","modified_gmt":"2021-07-14T11:14:22","slug":"barbell-brillante","status":"publish","type":"product","link":"https:\/\/www.camaleontattoo.com\/tienda\/barbell\/barbell-brillante\/","title":{"rendered":"Constelaci\u00f3n"},"content":{"rendered":"<h2>No puedes tener una constelaci\u00f3n en tu oreja, pero si lucir este barbell brillante<\/h2>\n<p>Para las personas m\u00e1s creativas, mirar este piercing para la oreja es como contemplar la majestuosidad del firmamento. Para el resto de mortales es un lindo barbell brillante.<\/p>\n<p>Esta joya est\u00e1 pensada para usar en piercings de la oreja, principalmente el<strong> h\u00e9lix<\/strong> y el <strong>tragus<\/strong>, aunque tambi\u00e9n los puedes usar en el <strong>l\u00f3bulo<\/strong> o <strong>conch<\/strong>. Un barbell brillante como este le dar\u00e1 un toque de luminosidad y estilo a tu look.<\/p>\n<p>La barra de esta joya es de <strong>acero quir\u00fargico grado implante, de 1,2 mm de grosor y 6,0 mm de longitud<\/strong>. Los 5 brillos blancos est\u00e1n sujetos por un <strong>aplique de plata de ley de 14,0 x 6,0 mm<\/strong>. Su cierre es de rosca.<\/p>\n<p>Si tienes alguna duda sobre el producto de la tienda online de Camale\u00f3n Tattoo, preg\u00fantanos sin compromiso, el equipo de Camale\u00f3n Tattoo est\u00e1 para ayudarte.<\/p>\n<blockquote><p><strong>Si te gusta esta barra \u00e9chale un ojo a <a title=\"Compra este piercing para la oreja de acero quir\u00fargico con 3 brillos blancos\" href=\"https:\/\/www.camaleontattoo.com\/tienda\/barbell\/barbell-con-tres-brillos\/\" rel=\"\">Barbell Trifolium<\/a><\/strong><\/p><\/blockquote>\n<h3>\u00bfBarbell o labret?<\/h3>\n<p>Ambos son barras para distintos piercings. <em>Un barbell en esencia es una barra recta con dos bolas<\/em>, se suele utilizar en primeras puestas para el tragus, el h\u00e9lix o la lengua, entre otros.<\/p>\n<p><em>El labret tambi\u00e9n es una barra recta, pero a diferencia del barbell, uno de sus extremos es plano<\/em>. Se suele colocar en piercings de la boca, como el medusa o el monroe, para evitar el roce y desgaste del esmalte de los dientes.<\/p>\n<h3>Informaci\u00f3n adicional<\/h3>\n<p>Grosor: 1,2 mm<br \/>\nTama\u00f1o de la bola: 3,0 mm<br \/>\nTipo de cierre: rosca interna<br \/>\nMaterial: acero quir\u00fargico 316L, plata de ley<br \/>\nColor: plateado, dorado<\/p>\n","protected":false},"excerpt":{"rendered":"<p>Piercing para la oreja con 5 brillos blancos, disponible en plateado y dorado.<\/p>\n","protected":false},"featured_media":7879,"comment_status":"open","ping_status":"closed","template":"","meta":[],"product_brand":[],"product_cat":[110],"product_tag":[102,98,105,103],"class_list":{"0":"post-7878","1":"product","2":"type-product","3":"status-publish","4":"has-post-thumbnail","6":"product_cat-barbell","7":"product_tag-conch","8":"product_tag-helix","9":"product_tag-lobulo-lobe","10":"product_tag-tragus","12":"first","13":"instock","14":"taxable","15":"shipping-taxable","16":"purchasable","17":"product-type-variable"},"_links":{"self":[{"href":"https:\/\/www.camaleontattoo.com\/tienda\/wp-json\/wp\/v2\/product\/7878","targetHints":{"allow":["GET"]}}],"collection":[{"href":"https:\/\/www.camaleontattoo.com\/tienda\/wp-json\/wp\/v2\/product"}],"about":[{"href":"https:\/\/www.camaleontattoo.com\/tienda\/wp-json\/wp\/v2\/types\/product"}],"replies":[{"embeddable":true,"href":"https:\/\/www.camaleontattoo.com\/tienda\/wp-json\/wp\/v2\/comments?post=7878"}],"wp:featuredmedia":[{"embeddable":true,"href":"https:\/\/www.camaleontattoo.com\/tienda\/wp-json\/wp\/v2\/media\/7879"}],"wp:attachment":[{"href":"https:\/\/www.camaleontattoo.com\/tienda\/wp-json\/wp\/v2\/media?parent=7878"}],"wp:term":[{"taxonomy":"product_brand","embeddable":true,"href":"https:\/\/www.camaleontattoo.com\/tienda\/wp-json\/wp\/v2\/product_brand?post=7878"},{"taxonomy":"product_cat","embeddable":true,"href":"https:\/\/www.camaleontattoo.com\/tienda\/wp-json\/wp\/v2\/product_cat?post=7878"},{"taxonomy":"product_tag","embeddable":true,"href":"https:\/\/www.camaleontattoo.com\/tienda\/wp-json\/wp\/v2\/product_tag?post=7878"}],"curies":[{"name":"wp","href":"https:\/\/api.w.org\/{rel}","templated":true}]}}