{"id":7856,"date":"2021-02-22T16:23:57","date_gmt":"2021-02-22T16:23:57","guid":{"rendered":"https:\/\/www.camaleontattoo.com\/tienda\/?post_type=product&#038;p=7856"},"modified":"2023-02-07T21:33:52","modified_gmt":"2023-02-07T21:33:52","slug":"maria","status":"publish","type":"product","link":"https:\/\/www.camaleontattoo.com\/tienda\/nostril\/maria\/","title":{"rendered":"Mar\u00eda"},"content":{"rendered":"<h2>Nostril b\u00e1sico imprescindible<\/h2>\n<p>El nostril es un piercing cl\u00e1sico y la bolita de acero quir\u00fargico grado implante m\u00e1s. Este piercing es ideal para el d\u00eda a d\u00eda y si quieres que no llame demasiado la atenci\u00f3n. Este nostril b\u00e1sico se caracteriza por ser discreto y elegante, c\u00f3modo, sencillo de llevar e ideal para quien piensa que menos es m\u00e1s.<\/p>\n<p>Esta joya de nostril es de <strong>0,8mm de grosor y 6mm de longitud<\/strong>. El tama\u00f1o de <strong>la bola es de 2,0 mm<\/strong>. Tiene un <strong>cierre curvado<\/strong>, de tal manera que evita que la joya se te escape accidentalmente del piercing de la nariz. Por \u00faltimo, cabe decir que el nostril b\u00e1sico est\u00e1 hecho en <strong>acero quir\u00fargico 316L<\/strong>.<br \/>\nEsta joya no te dar\u00e1 ning\u00fan problema, no cambiar\u00e1 su apariencia con el tiempo, ni te dar\u00e1 ning\u00fan tipo de reacci\u00f3n al\u00e9rgica. Es una compra segura online de un producto de calidad.<\/p>\n<blockquote><p><strong>Si te gusta la joyer\u00eda b\u00e1sica y minimalista te recomendamos que pruebes este <a title=\"Aro b\u00e1sico de acero quir\u00fargico 316L con cierre de bisagra\" href=\"https:\/\/www.camaleontattoo.com\/tienda\/aros-piercings\/aro-basico-de-acero-quirurgico\/\" rel=\"\">aro b\u00e1sico<\/a><\/strong><\/p><\/blockquote>\n<h3>\u00bfDe qu\u00e9 lado me hago el nostril?<\/h3>\n<p>La eterna duda entre la derecha o la izquierda. En un principio el lado en el que se coloca la pieza no determina nada, simplemente es algo est\u00e9tico. Si te ayuda, puedes pensar de que lado sales mejor en los selfies.<\/p>\n<p>Si que es cierto que en algunas culturas es importante la zona en la que se coloca el nostril. Por ejemplo, en la India las mujeres se lo colocan del lado izquierdo ya que est\u00e1 relacionado con los \u00f3rganos reproductivos. Se cree que haci\u00e9ndose la perforaci\u00f3n de este lado aumenta la fertilidad y los partos son m\u00e1s f\u00e1ciles. El nostril es tan importante en esta cultura que es una parte esencial de la joyer\u00eda que se luce en una boda. Y en caso de que la mujer se quede viuda se quitan el piercing en se\u00f1al de respeto.<\/p>\n<p>En Pakist\u00e1n se lo hacen de los dos lados con grandes joyas de oro. Su motivo es muy curioso, creen que cuanto m\u00e1s grandes sean estas joyas mejor ser\u00e1 su funeral. Y por la zona sur de Asia, el nostril es la \u00fanica joya con la que se entierra a las mujeres. As\u00ed de importante es este piercing.<\/p>\n<h3>Informaci\u00f3n adicional<\/h3>\n<p>Grosor: 0,8 mm<br \/>\nTama\u00f1o de la bola: 2,0 mm<br \/>\nTipo de cierre: curvo<br \/>\nMaterial: acero quir\u00fargico 316L<br \/>\nColor: plateado, dorado<\/p>\n","protected":false},"excerpt":{"rendered":"<p>Nostril b\u00e1sico imprescindible El nostril es un piercing cl\u00e1sico y la bolita de acero quir\u00fargico grado implante m\u00e1s. Este piercing<\/p>\n","protected":false},"featured_media":7857,"comment_status":"open","ping_status":"closed","template":"","meta":[],"product_brand":[],"product_cat":[109],"product_tag":[],"class_list":{"0":"post-7856","1":"product","2":"type-product","3":"status-publish","4":"has-post-thumbnail","6":"product_cat-nostril","8":"first","9":"instock","10":"taxable","11":"shipping-taxable","12":"purchasable","13":"product-type-variable"},"_links":{"self":[{"href":"https:\/\/www.camaleontattoo.com\/tienda\/wp-json\/wp\/v2\/product\/7856","targetHints":{"allow":["GET"]}}],"collection":[{"href":"https:\/\/www.camaleontattoo.com\/tienda\/wp-json\/wp\/v2\/product"}],"about":[{"href":"https:\/\/www.camaleontattoo.com\/tienda\/wp-json\/wp\/v2\/types\/product"}],"replies":[{"embeddable":true,"href":"https:\/\/www.camaleontattoo.com\/tienda\/wp-json\/wp\/v2\/comments?post=7856"}],"wp:featuredmedia":[{"embeddable":true,"href":"https:\/\/www.camaleontattoo.com\/tienda\/wp-json\/wp\/v2\/media\/7857"}],"wp:attachment":[{"href":"https:\/\/www.camaleontattoo.com\/tienda\/wp-json\/wp\/v2\/media?parent=7856"}],"wp:term":[{"taxonomy":"product_brand","embeddable":true,"href":"https:\/\/www.camaleontattoo.com\/tienda\/wp-json\/wp\/v2\/product_brand?post=7856"},{"taxonomy":"product_cat","embeddable":true,"href":"https:\/\/www.camaleontattoo.com\/tienda\/wp-json\/wp\/v2\/product_cat?post=7856"},{"taxonomy":"product_tag","embeddable":true,"href":"https:\/\/www.camaleontattoo.com\/tienda\/wp-json\/wp\/v2\/product_tag?post=7856"}],"curies":[{"name":"wp","href":"https:\/\/api.w.org\/{rel}","templated":true}]}}