{"id":7849,"date":"2021-02-22T16:06:50","date_gmt":"2021-02-22T16:06:50","guid":{"rendered":"https:\/\/www.camaleontattoo.com\/tienda\/?post_type=product&#038;p=7849"},"modified":"2024-08-09T16:27:13","modified_gmt":"2024-08-09T16:27:13","slug":"nostril-tres-brillos-blancos","status":"publish","type":"product","link":"https:\/\/www.camaleontattoo.com\/tienda\/nostril\/nostril-tres-brillos-blancos\/","title":{"rendered":"Nostril Trifolium"},"content":{"rendered":"<h2>Nostril con tres brillos, divino y original<\/h2>\n<p>Todo piercing es una se\u00f1a de identidad, y en especial los piercings de la cara. El nostril es un cl\u00e1sico que nunca pasa de moda, sobre todo una joya tan especial como el nostril con tres brillos. Su dise\u00f1o recuerda a un tr\u00e9bol, donde <strong>cada hoja es un brillante engarzado<\/strong>. Esta es su caracter\u00edstica principal, sus <strong>tres circonitas blancas que har\u00e1n brillar tu nariz<\/strong>, sin ser una pieza especialmente gruesa o abultada. Te dar\u00e1 un aspecto radiante, elegante, original, fino y moderno.<\/p>\n<p>Este nostril con tres brillos es de <strong>0,8 mm de grosor y 6 mm de longitud<\/strong>. El tama\u00f1o de <strong>la bola es de 3,0 mm<\/strong>. Tiene un<strong> cierre curvado<\/strong>, de tal manera que evita que la joya se te escape accidentalmente del agujero de la nariz. Por \u00faltimo, cabe decir que est\u00e1 hecho en <strong>acero quir\u00fargico grado implante<\/strong>.<\/p>\n<blockquote><p>Si te gusta la joyer\u00eda brillante para el nostril te puede gustar <a title=\"Nostril con circonita engarzada\" href=\"https:\/\/www.camaleontattoo.com\/tienda\/nostril\/nostril-brillante\/\" rel=\"\">Diamante<\/a><\/p><\/blockquote>\n<p>Si tienes alguna duda sobre el producto de la tienda online de Camale\u00f3n Tattoo, preg\u00fantanos sin compromiso, el equipo de Camale\u00f3n Tattoo est\u00e1 para ayudarte.<\/p>\n<p>&nbsp;<\/p>\n<h3>Informaci\u00f3n adicional<\/h3>\n<p>Grosor: 0,8 mm<br \/>\nTama\u00f1o de la bola: 3 mm<br \/>\nTipo de cierre: curvo<br \/>\nMaterial: acero quir\u00fargico 316L<br \/>\nColor: plateado, dorado<\/p>\n","protected":false},"excerpt":{"rendered":"<p>Nostril con tres brillos, divino y original Todo piercing es una se\u00f1a de identidad, y en especial los piercings de<\/p>\n","protected":false},"featured_media":7850,"comment_status":"open","ping_status":"closed","template":"","meta":[],"product_brand":[],"product_cat":[109],"product_tag":[96],"class_list":{"0":"post-7849","1":"product","2":"type-product","3":"status-publish","4":"has-post-thumbnail","6":"product_cat-nostril","7":"product_tag-nostril","9":"first","10":"instock","11":"taxable","12":"shipping-taxable","13":"purchasable","14":"product-type-variable"},"_links":{"self":[{"href":"https:\/\/www.camaleontattoo.com\/tienda\/wp-json\/wp\/v2\/product\/7849","targetHints":{"allow":["GET"]}}],"collection":[{"href":"https:\/\/www.camaleontattoo.com\/tienda\/wp-json\/wp\/v2\/product"}],"about":[{"href":"https:\/\/www.camaleontattoo.com\/tienda\/wp-json\/wp\/v2\/types\/product"}],"replies":[{"embeddable":true,"href":"https:\/\/www.camaleontattoo.com\/tienda\/wp-json\/wp\/v2\/comments?post=7849"}],"wp:featuredmedia":[{"embeddable":true,"href":"https:\/\/www.camaleontattoo.com\/tienda\/wp-json\/wp\/v2\/media\/7850"}],"wp:attachment":[{"href":"https:\/\/www.camaleontattoo.com\/tienda\/wp-json\/wp\/v2\/media?parent=7849"}],"wp:term":[{"taxonomy":"product_brand","embeddable":true,"href":"https:\/\/www.camaleontattoo.com\/tienda\/wp-json\/wp\/v2\/product_brand?post=7849"},{"taxonomy":"product_cat","embeddable":true,"href":"https:\/\/www.camaleontattoo.com\/tienda\/wp-json\/wp\/v2\/product_cat?post=7849"},{"taxonomy":"product_tag","embeddable":true,"href":"https:\/\/www.camaleontattoo.com\/tienda\/wp-json\/wp\/v2\/product_tag?post=7849"}],"curies":[{"name":"wp","href":"https:\/\/api.w.org\/{rel}","templated":true}]}}