{"id":7497,"date":"2020-12-14T19:03:41","date_gmt":"2020-12-14T19:03:41","guid":{"rendered":"https:\/\/www.camaleontattoo.com\/tienda\/?post_type=product&#038;p=7497"},"modified":"2024-05-04T11:42:48","modified_gmt":"2024-05-04T11:42:48","slug":"lapislazuli-plug","status":"publish","type":"product","link":"https:\/\/www.camaleontattoo.com\/tienda\/dilataciones-piercings\/lapislazuli-plug\/","title":{"rendered":"Lapisl\u00e1zuli plug"},"content":{"rendered":"<h2>Dilataci\u00f3n o plug de piedra lapisl\u00e1zuli para la oreja<\/h2>\n<p>El lapisl\u00e1zuli fue una de las piedras semipreciosas favoritas de los faraones del Antiguo Egipto, la utilizaban como elemento decorativo, piezas de joyer\u00eda o incluso ofrendas para la prosperidad en el m\u00e1s all\u00e1. El lapisl\u00e1zuli es un <strong>mineral de color azul intenso opaco mezclado con brillantes venas de pirita dorada<\/strong>. Es un poderoso <strong>amplificador del pensamiento<\/strong>, aporta claridad y objetividad. <strong>Anima a la creatividad y ayuda a afrontar la verdad<\/strong>. Por eso creemos que esta dilataci\u00f3n o plug de piedra lapisl\u00e1zuli te va a encantar.<\/p>\n<p>Este plug es <strong>doble acampanado<\/strong>, lo que significa que su forma es m\u00e1s delgada en el centro y sus bordes m\u00e1s anchos. Esto ayuda a sentir el plug bien sujeto una vez colocado en tu oreja, y que no se caiga cuando te inclines o sacudas la cabeza. Te recomendamos que utilices esta dilataci\u00f3n o plug de piedra lapisl\u00e1zuli s\u00f3lo si tu dilataci\u00f3n est\u00e1 completamente curada, ya que su colocaci\u00f3n requiere que la piel sea un poco el\u00e1stica.<\/p>\n<p>Este plug es <strong>100% org\u00e1nico<\/strong>, por lo que es perfecto para quienes quieren dilataciones naturales.<\/p>\n<blockquote><p>Tambi\u00e9n te puede interesar <a title=\"Dilataci\u00f3n o plug de piedra turquesa para la oreja\" href=\"https:\/\/www.camaleontattoo.com\/tienda\/dilataciones-piercings\/piedra-turquesa-plug\/\" rel=\"\">Piedra Turquesa Plug<\/a> o <a title=\"Dilataci\u00f3n o plug de piedra de ojo de tigre para la oreja\" href=\"https:\/\/www.camaleontattoo.com\/tienda\/dilataciones-piercings\/ojo-de-tigre-plug\/\" rel=\"\">Ojo de Tigre plug<\/a><\/p><\/blockquote>\n<p><strong>Cuanto m\u00e1s grande sea el di\u00e1metro del plug, m\u00e1s se aprecian los detalles de la piedra lapisl\u00e1zuli<\/strong>, pero debes elegir el tama\u00f1o adecuado para tu dilataci\u00f3n. Tambi\u00e9n debes de tener en cuenta que la piedra es un material org\u00e1nico bastante pesado. Si no quieres que tu dilataci\u00f3n se haga m\u00e1s grande, te recomendamos que las quites por las noches, as\u00ed tu oreja podr\u00e1 descansar y no se estirar\u00e1 por el peso.<\/p>\n<p>Si tienes alguna pregunta no dudes en consultarnos, en Camale\u00f3n Tattoo estaremos encantados de ayudarte.<\/p>\n<h3>Informaci\u00f3n adicional:<\/h3>\n<p>Tallas: 4 mm, 6 mm, 8 mm, 10 mm, 12 mm, 14 mm, 16 mm<br \/>\nMaterial: piedra lapisl\u00e1zuli<\/p>\n","protected":false},"excerpt":{"rendered":"<p>Dilataci\u00f3n o plug de lapisl\u00e1zuli<\/p>\n","protected":false},"featured_media":7498,"comment_status":"open","ping_status":"closed","template":"","meta":[],"product_brand":[],"product_cat":[67],"product_tag":[105],"class_list":{"0":"post-7497","1":"product","2":"type-product","3":"status-publish","4":"has-post-thumbnail","6":"product_cat-dilataciones-piercings","7":"product_tag-lobulo-lobe","9":"first","10":"instock","11":"taxable","12":"shipping-taxable","13":"purchasable","14":"product-type-variable","15":"has-default-attributes"},"_links":{"self":[{"href":"https:\/\/www.camaleontattoo.com\/tienda\/wp-json\/wp\/v2\/product\/7497","targetHints":{"allow":["GET"]}}],"collection":[{"href":"https:\/\/www.camaleontattoo.com\/tienda\/wp-json\/wp\/v2\/product"}],"about":[{"href":"https:\/\/www.camaleontattoo.com\/tienda\/wp-json\/wp\/v2\/types\/product"}],"replies":[{"embeddable":true,"href":"https:\/\/www.camaleontattoo.com\/tienda\/wp-json\/wp\/v2\/comments?post=7497"}],"wp:featuredmedia":[{"embeddable":true,"href":"https:\/\/www.camaleontattoo.com\/tienda\/wp-json\/wp\/v2\/media\/7498"}],"wp:attachment":[{"href":"https:\/\/www.camaleontattoo.com\/tienda\/wp-json\/wp\/v2\/media?parent=7497"}],"wp:term":[{"taxonomy":"product_brand","embeddable":true,"href":"https:\/\/www.camaleontattoo.com\/tienda\/wp-json\/wp\/v2\/product_brand?post=7497"},{"taxonomy":"product_cat","embeddable":true,"href":"https:\/\/www.camaleontattoo.com\/tienda\/wp-json\/wp\/v2\/product_cat?post=7497"},{"taxonomy":"product_tag","embeddable":true,"href":"https:\/\/www.camaleontattoo.com\/tienda\/wp-json\/wp\/v2\/product_tag?post=7497"}],"curies":[{"name":"wp","href":"https:\/\/api.w.org\/{rel}","templated":true}]}}