{"id":7495,"date":"2020-12-14T18:59:28","date_gmt":"2020-12-14T18:59:28","guid":{"rendered":"https:\/\/www.camaleontattoo.com\/tienda\/?post_type=product&#038;p=7495"},"modified":"2023-09-08T09:19:02","modified_gmt":"2023-09-08T09:19:02","slug":"piedra-turquesa-plug","status":"publish","type":"product","link":"https:\/\/www.camaleontattoo.com\/tienda\/dilataciones-piercings\/piedra-turquesa-plug\/","title":{"rendered":"Piedra turquesa plug"},"content":{"rendered":"<h2>Dilataci\u00f3n o plug de piedra turquesa para la oreja<\/h2>\n<p>La piedra turquesa es una espectacular piedra semipreciosa, que <strong>pertenece al grupo de las piedras de agua<\/strong>, como nos recuerda las bonitas formas que recorren su estructura. Esta piedra se utiliza como amuleto desde tiempos remotos, fomenta la <strong>sinton\u00eda espiritual<\/strong> y potencia la comunicaci\u00f3n con los mundos f\u00edsico y espiritual. Esta dilataci\u00f3n o plug de piedra turquesa ha sido extra\u00eddo directamente de la naturaleza, por lo que no hay dos iguales.<strong> \u00a1Es \u00fanica en su dise\u00f1o!<\/strong><\/p>\n<p>Este plug es <strong>doble acampanado<\/strong>, quiere decir que su forma es m\u00e1s delgada en el centro y sus bordes m\u00e1s anchos, esto ayuda a sentir el plug bien sujeto una vez colocado en tu oreja, y que no se caiga cuando te inclines o sacudas la cabeza. Te recomendamos que utilices este plug s\u00f3lo si tu dilataci\u00f3n est\u00e1 completamente curada, ya que su colocaci\u00f3n requiere que la piel sea un poco el\u00e1stica.<\/p>\n<p>Este plug es <strong>100% org\u00e1nico, no huele y no da\u00f1a tu piel<\/strong>, por lo que es perfecto para quienes quieren dilataciones naturales. <strong>Cuanto m\u00e1s grande sea el di\u00e1metro del plug, m\u00e1s se aprecian los detalles de la piedra turquesa<\/strong>, pero debes elegir el tama\u00f1o adecuado para tu dilataci\u00f3n. Tambi\u00e9n debes de tener en cuenta que la piedra es un material org\u00e1nico bastante pesado. Si no quieres que tu dilataci\u00f3n se haga m\u00e1s grande, te recomendamos que las quites por las noches, as\u00ed tu oreja podr\u00e1 descansar y no se estirar\u00e1 por el peso.<\/p>\n<p>Si tienes alguna pregunta no dudes en consultarnos, en Camale\u00f3n Tattoo estaremos encantados de ayudarte.<\/p>\n<h3>Informaci\u00f3n adicional:<\/h3>\n<p>Tallas: 6 mm, 8 mm, 10 mm, 12 mm, 14 mm, 16 mm<br \/>\nMaterial: piedra turquesa<\/p>\n","protected":false},"excerpt":{"rendered":"<p>Dilataci\u00f3n o plug de piedra turquesa<\/p>\n","protected":false},"featured_media":7496,"comment_status":"open","ping_status":"closed","template":"","meta":[],"product_brand":[],"product_cat":[67],"product_tag":[105],"class_list":{"0":"post-7495","1":"product","2":"type-product","3":"status-publish","4":"has-post-thumbnail","6":"product_cat-dilataciones-piercings","7":"product_tag-lobulo-lobe","9":"first","10":"instock","11":"taxable","12":"shipping-taxable","13":"purchasable","14":"product-type-variable"},"_links":{"self":[{"href":"https:\/\/www.camaleontattoo.com\/tienda\/wp-json\/wp\/v2\/product\/7495","targetHints":{"allow":["GET"]}}],"collection":[{"href":"https:\/\/www.camaleontattoo.com\/tienda\/wp-json\/wp\/v2\/product"}],"about":[{"href":"https:\/\/www.camaleontattoo.com\/tienda\/wp-json\/wp\/v2\/types\/product"}],"replies":[{"embeddable":true,"href":"https:\/\/www.camaleontattoo.com\/tienda\/wp-json\/wp\/v2\/comments?post=7495"}],"wp:featuredmedia":[{"embeddable":true,"href":"https:\/\/www.camaleontattoo.com\/tienda\/wp-json\/wp\/v2\/media\/7496"}],"wp:attachment":[{"href":"https:\/\/www.camaleontattoo.com\/tienda\/wp-json\/wp\/v2\/media?parent=7495"}],"wp:term":[{"taxonomy":"product_brand","embeddable":true,"href":"https:\/\/www.camaleontattoo.com\/tienda\/wp-json\/wp\/v2\/product_brand?post=7495"},{"taxonomy":"product_cat","embeddable":true,"href":"https:\/\/www.camaleontattoo.com\/tienda\/wp-json\/wp\/v2\/product_cat?post=7495"},{"taxonomy":"product_tag","embeddable":true,"href":"https:\/\/www.camaleontattoo.com\/tienda\/wp-json\/wp\/v2\/product_tag?post=7495"}],"curies":[{"name":"wp","href":"https:\/\/api.w.org\/{rel}","templated":true}]}}