{"id":7491,"date":"2020-12-14T18:52:13","date_gmt":"2020-12-14T18:52:13","guid":{"rendered":"https:\/\/www.camaleontattoo.com\/tienda\/?post_type=product&#038;p=7491"},"modified":"2024-09-30T12:16:59","modified_gmt":"2024-09-30T12:16:59","slug":"piedra-lunar-tunel","status":"publish","type":"product","link":"https:\/\/www.camaleontattoo.com\/tienda\/dilataciones-piercings\/piedra-lunar-tunel\/","title":{"rendered":"Piedra lunar t\u00fanel"},"content":{"rendered":"<h2>Dilataci\u00f3n o t\u00fanel de piedra lunar para la oreja<\/h2>\n<p>Si est\u00e1s buscando una joya con un look muy natural y elegante, esta dilataci\u00f3n es la tuya. Esta dilataci\u00f3n o t\u00fanel de piedra lunar t\u00fanel se caracteriza por su bonito <strong>color blanquecino<\/strong> y por sus <strong>reflejos azulados iridiscentes<\/strong>. Sus tonalidades y destellos transmiten <strong>magnetismo, misterio y magia<\/strong>, como la mism\u00edsima luna. Por otro lado sus propiedades tambi\u00e9n est\u00e1n asociadas a los cambios de ciclo, se vincula con el <strong>equilibrio del sistema hormonal<\/strong>. Vamos que es perfecta para sentirse bien por dentro y por fuera.<\/p>\n<p>Este t\u00fanel es <strong>doble acampanado<\/strong>, lo que significa que su forma es m\u00e1s delgada en el centro y sus bordes m\u00e1s anchos, ayudando a sentir el t\u00fanel bien sujeto una vez colocado en tu oreja, y que no se caiga cuando te inclines o sacudas la cabeza. Te recomendamos que utilices este t\u00fanel s\u00f3lo si tu dilataci\u00f3n est\u00e1 completamente curada, ya que su colocaci\u00f3n requiere que la piel sea un poco el\u00e1stica.<\/p>\n<p>Este t\u00fanel es <strong>100% org\u00e1nico<\/strong>, por lo que es perfecto para quienes quieren dilataciones naturales.<\/p>\n<blockquote><p>Si te gusta esta dilataci\u00f3n o t\u00fanel de piedra lunar tienes que ver<strong> su versi\u00f3n en <a title=\"Dilataci\u00f3n o plug de piedra lunar para la oreja\" href=\"https:\/\/www.camaleontattoo.com\/tienda\/dilataciones-piercings\/piedra-lunar-plug\/\" rel=\"\">plug<\/a><\/strong><\/p><\/blockquote>\n<p>Si tienes alguna pregunta no dudes en consultarnos, en Camale\u00f3n Tattoo estaremos encantados de ayudarte.<\/p>\n<h3>Informaci\u00f3n adicional<\/h3>\n<p>Tallas: 6 mm, 8 mm, 10 mm, 12 mm, 14 mm, 16 mm, 18 mm, 20 mm<br \/>\nMaterial: piedra lunar<\/p>\n","protected":false},"excerpt":{"rendered":"<p>Dilataci\u00f3n o t\u00fanel de piedra lunar<\/p>\n","protected":false},"featured_media":7492,"comment_status":"open","ping_status":"closed","template":"","meta":[],"product_brand":[],"product_cat":[67],"product_tag":[105],"class_list":{"0":"post-7491","1":"product","2":"type-product","3":"status-publish","4":"has-post-thumbnail","6":"product_cat-dilataciones-piercings","7":"product_tag-lobulo-lobe","9":"first","10":"instock","11":"taxable","12":"shipping-taxable","13":"purchasable","14":"product-type-variable"},"_links":{"self":[{"href":"https:\/\/www.camaleontattoo.com\/tienda\/wp-json\/wp\/v2\/product\/7491","targetHints":{"allow":["GET"]}}],"collection":[{"href":"https:\/\/www.camaleontattoo.com\/tienda\/wp-json\/wp\/v2\/product"}],"about":[{"href":"https:\/\/www.camaleontattoo.com\/tienda\/wp-json\/wp\/v2\/types\/product"}],"replies":[{"embeddable":true,"href":"https:\/\/www.camaleontattoo.com\/tienda\/wp-json\/wp\/v2\/comments?post=7491"}],"wp:featuredmedia":[{"embeddable":true,"href":"https:\/\/www.camaleontattoo.com\/tienda\/wp-json\/wp\/v2\/media\/7492"}],"wp:attachment":[{"href":"https:\/\/www.camaleontattoo.com\/tienda\/wp-json\/wp\/v2\/media?parent=7491"}],"wp:term":[{"taxonomy":"product_brand","embeddable":true,"href":"https:\/\/www.camaleontattoo.com\/tienda\/wp-json\/wp\/v2\/product_brand?post=7491"},{"taxonomy":"product_cat","embeddable":true,"href":"https:\/\/www.camaleontattoo.com\/tienda\/wp-json\/wp\/v2\/product_cat?post=7491"},{"taxonomy":"product_tag","embeddable":true,"href":"https:\/\/www.camaleontattoo.com\/tienda\/wp-json\/wp\/v2\/product_tag?post=7491"}],"curies":[{"name":"wp","href":"https:\/\/api.w.org\/{rel}","templated":true}]}}