{"id":7477,"date":"2020-12-14T18:17:31","date_gmt":"2020-12-14T18:17:31","guid":{"rendered":"https:\/\/www.camaleontattoo.com\/tienda\/?post_type=product&#038;p=7477"},"modified":"2025-05-08T19:15:55","modified_gmt":"2025-05-08T19:15:55","slug":"mini-margarita","status":"publish","type":"product","link":"https:\/\/www.camaleontattoo.com\/tienda\/bananas-piercings\/mini-margarita\/","title":{"rendered":"Mini margarita"},"content":{"rendered":"<h2>Brillante mini margarita para el piercing del ombligo<\/h2>\n<p>\u00bfAmas todo lo que brilla y eres un esp\u00edritu floral? Esta mini margarita para el piercing del ombligo est\u00e1 hecha para ti.<\/p>\n<p>Esta joya tiene una <strong>barra de 1,6 mm de grosor y 10,0 mm de longitud<\/strong>, una <strong>bola de rosca de 5,0 mm<\/strong>, ambas de titanio de alta calidad. El adorno floral est\u00e1 fijado a la barra y cada hoja tiene cristales distintos, tiene un <strong>di\u00e1metro de aproximadamente 8,0 x 9,0 mm<\/strong> y est\u00e1 hecho de<strong> plata de ley 925<\/strong>.<\/p>\n<h3>\u00a1Adi\u00f3s a las reacciones al\u00e9rgicas!<\/h3>\n<p>El titanio es el material m\u00e1s recomendado internacionalmente para el uso de nuevas perforaciones, ya que contiene un\u00a0<strong>0% de n\u00edquel<\/strong>. Este material se puede encontrar en los quir\u00f3fanos de nuestro pa\u00eds, porque se usa para hacer implantes para el cuerpo, ya que no desprende trazas de n\u00edquel, ni tampoco puede llevar a desarrollar una alergia al n\u00edquel.<\/p>\n<blockquote><p><strong>Otra banana de titanio para el ombligo es\u00a0<a title=\"Piercing para el ombligo de titanio y perla sint\u00e9tica\" href=\"https:\/\/www.camaleontattoo.com\/tienda\/bananas-piercings\/perla\/\" rel=\"\">Perla<\/a> o <a title=\"Piercing para el ombligo de acero quir\u00fargico con forma de Mano de F\u00e1tima\" href=\"https:\/\/www.camaleontattoo.com\/tienda\/bananas-piercings\/hansa\/\" rel=\"\">Mano de F\u00e1tima<\/a><\/strong><\/p><\/blockquote>\n<p>Puedes encontrar m\u00e1s joyas de dise\u00f1o y calidad en la tienda online de Camale\u00f3n Tattoo. \u00a1Reinv\u00e9ntate sin miedo!<\/p>\n<h3>Informaci\u00f3n adicional<\/h3>\n<p>Grosor: 1,6 mm<br \/>\nLongitud de la barra: 10,0 mm<br \/>\nTama\u00f1o de la bola: 5,0 mm<br \/>\nTipo de cierre: rosca<br \/>\nMaterial: titanio y plata 925<br \/>\nColor: plateado o dorado<br \/>\nColor del cristal: blanco<\/p>\n","protected":false},"excerpt":{"rendered":"<p>Piercing para el ombligo de acero quir\u00fargico con mini margarita de brillos blancos<\/p>\n","protected":false},"featured_media":7478,"comment_status":"open","ping_status":"closed","template":"","meta":[],"product_brand":[],"product_cat":[65],"product_tag":[95],"class_list":{"0":"post-7477","1":"product","2":"type-product","3":"status-publish","4":"has-post-thumbnail","6":"product_cat-bananas-piercings","7":"product_tag-ombligo","9":"first","10":"instock","11":"taxable","12":"shipping-taxable","13":"purchasable","14":"product-type-variable"},"_links":{"self":[{"href":"https:\/\/www.camaleontattoo.com\/tienda\/wp-json\/wp\/v2\/product\/7477","targetHints":{"allow":["GET"]}}],"collection":[{"href":"https:\/\/www.camaleontattoo.com\/tienda\/wp-json\/wp\/v2\/product"}],"about":[{"href":"https:\/\/www.camaleontattoo.com\/tienda\/wp-json\/wp\/v2\/types\/product"}],"replies":[{"embeddable":true,"href":"https:\/\/www.camaleontattoo.com\/tienda\/wp-json\/wp\/v2\/comments?post=7477"}],"wp:featuredmedia":[{"embeddable":true,"href":"https:\/\/www.camaleontattoo.com\/tienda\/wp-json\/wp\/v2\/media\/7478"}],"wp:attachment":[{"href":"https:\/\/www.camaleontattoo.com\/tienda\/wp-json\/wp\/v2\/media?parent=7477"}],"wp:term":[{"taxonomy":"product_brand","embeddable":true,"href":"https:\/\/www.camaleontattoo.com\/tienda\/wp-json\/wp\/v2\/product_brand?post=7477"},{"taxonomy":"product_cat","embeddable":true,"href":"https:\/\/www.camaleontattoo.com\/tienda\/wp-json\/wp\/v2\/product_cat?post=7477"},{"taxonomy":"product_tag","embeddable":true,"href":"https:\/\/www.camaleontattoo.com\/tienda\/wp-json\/wp\/v2\/product_tag?post=7477"}],"curies":[{"name":"wp","href":"https:\/\/api.w.org\/{rel}","templated":true}]}}