{"id":7469,"date":"2020-12-14T18:01:04","date_gmt":"2020-12-14T18:01:04","guid":{"rendered":"https:\/\/www.camaleontattoo.com\/tienda\/?post_type=product&#038;p=7469"},"modified":"2023-04-08T07:07:49","modified_gmt":"2023-04-08T07:07:49","slug":"lagrima","status":"publish","type":"product","link":"https:\/\/www.camaleontattoo.com\/tienda\/bananas-piercings\/lagrima\/","title":{"rendered":"L\u00e1grima"},"content":{"rendered":"<h2>Piercing para el ombligo brillante y elegante<\/h2>\n<p>Este piercing para el ombligo brillante tiene un estilo sencillo, lucir\u00e1 elegantemente en tu barriguita. Lo que m\u00e1s destaca de esta banana son sus <strong>cristales transparentes de circonita c\u00fabica<\/strong>, que reflejan la luz haciendo que brille desde lejos en tu ombligo.<\/p>\n<p>Esta banana para el ombligo es de <strong>acero quir\u00fargico 316L.<\/strong> La <strong>bola de arriba de 5,0 mm<\/strong> es de rosca, mientras que la parte de abajo es fija. La <strong>barra es de 1,6 mm de grosor y 10,0 mm de longitud<\/strong>. Esta joya no\u00a0te dar\u00e1 ning\u00fan problema, no cambiar\u00e1 su apariencia con el tiempo, ni te dar\u00e1 ning\u00fan tipo de reacci\u00f3n al\u00e9rgica. Es una compra segura online de un producto de calidad.<\/p>\n<blockquote><p><strong>\u00bfTe gusta la est\u00e9tica minimalista? \u00a1Te puede gustar <a title=\"Piercing para el ombligo de acero quir\u00fargico con n\u00e1car y madera de tamarindo\" href=\"https:\/\/www.camaleontattoo.com\/tienda\/bananas-piercings\/nacarina\/\" rel=\"\">Nacarina<\/a> o <a title=\"Piercing para el ombligo de titanio y perla sint\u00e9tica\" href=\"https:\/\/www.camaleontattoo.com\/tienda\/bananas-piercings\/perla\/\" rel=\"\">Perla<\/a>!<\/strong><\/p>\n<p><strong>O si prefieres la joyer\u00eda brillante, \u00e9chale un ojo a <a title=\"Piercing para el ombligo de acero quir\u00fargico con margarita de brillos blancos\" href=\"https:\/\/www.camaleontattoo.com\/tienda\/bananas-piercings\/margarita\/\" rel=\"\">Margarita<\/a> y a <a title=\"Piercing para el ombligo de acero quir\u00fargico con circonita estilo oriental.\" href=\"https:\/\/www.camaleontattoo.com\/tienda\/bananas-piercings\/bombay\/\" rel=\"\">Bombay<\/a><\/strong><\/p><\/blockquote>\n<p>Si tienes alguna duda sobre el producto de la tienda online, por favor, preg\u00fantanos sin compromiso, el equipo de Camale\u00f3n Tattoo est\u00e1 para ayudarte.<\/p>\n<h3>Informaci\u00f3n adicional<\/h3>\n<p>Grosor: 1,6 mm<br \/>\nLongitud de barra: 10,0 mm<br \/>\nTama\u00f1o de la bola: 5,0 mm<br \/>\nTipo de cierre: rosca<br \/>\nMaterial: acero quir\u00fargico 316L y circonita c\u00fabica<br \/>\nColor: plateado, dorado<\/p>\n","protected":false},"excerpt":{"rendered":"<p>Piercing para el ombligo de acero quir\u00fargico con circonita c\u00fabica<\/p>\n","protected":false},"featured_media":7470,"comment_status":"open","ping_status":"closed","template":"","meta":[],"product_brand":[],"product_cat":[65],"product_tag":[95],"class_list":{"0":"post-7469","1":"product","2":"type-product","3":"status-publish","4":"has-post-thumbnail","6":"product_cat-bananas-piercings","7":"product_tag-ombligo","9":"first","10":"instock","11":"taxable","12":"shipping-taxable","13":"purchasable","14":"product-type-variable"},"_links":{"self":[{"href":"https:\/\/www.camaleontattoo.com\/tienda\/wp-json\/wp\/v2\/product\/7469","targetHints":{"allow":["GET"]}}],"collection":[{"href":"https:\/\/www.camaleontattoo.com\/tienda\/wp-json\/wp\/v2\/product"}],"about":[{"href":"https:\/\/www.camaleontattoo.com\/tienda\/wp-json\/wp\/v2\/types\/product"}],"replies":[{"embeddable":true,"href":"https:\/\/www.camaleontattoo.com\/tienda\/wp-json\/wp\/v2\/comments?post=7469"}],"wp:featuredmedia":[{"embeddable":true,"href":"https:\/\/www.camaleontattoo.com\/tienda\/wp-json\/wp\/v2\/media\/7470"}],"wp:attachment":[{"href":"https:\/\/www.camaleontattoo.com\/tienda\/wp-json\/wp\/v2\/media?parent=7469"}],"wp:term":[{"taxonomy":"product_brand","embeddable":true,"href":"https:\/\/www.camaleontattoo.com\/tienda\/wp-json\/wp\/v2\/product_brand?post=7469"},{"taxonomy":"product_cat","embeddable":true,"href":"https:\/\/www.camaleontattoo.com\/tienda\/wp-json\/wp\/v2\/product_cat?post=7469"},{"taxonomy":"product_tag","embeddable":true,"href":"https:\/\/www.camaleontattoo.com\/tienda\/wp-json\/wp\/v2\/product_tag?post=7469"}],"curies":[{"name":"wp","href":"https:\/\/api.w.org\/{rel}","templated":true}]}}