{"id":7458,"date":"2020-12-14T17:50:09","date_gmt":"2020-12-14T17:50:09","guid":{"rendered":"https:\/\/www.camaleontattoo.com\/tienda\/?post_type=product&#038;p=7458"},"modified":"2021-04-05T10:55:28","modified_gmt":"2021-04-05T10:55:28","slug":"fuego","status":"publish","type":"product","link":"https:\/\/www.camaleontattoo.com\/tienda\/aros-piercings\/fuego\/","title":{"rendered":"Lume"},"content":{"rendered":"<h2>Arrasa por donde pasa este aro de fuego de acero quir\u00fargico<\/h2>\n<p>Mant\u00e9n viva la llama con este aro de fuego de acero quir\u00fargico 316L. Tiene un sistema de <strong>cierre de click, con una bisagra de alta calidad<\/strong>, lo que lo hace muy c\u00f3modo y f\u00e1cil de manejar. Este aro de fuego, por su forma ovalada, es <strong>ideal para el septum, el daith o el smile<\/strong>, aunque puedes innovar y pon\u00e9rtelo en el l\u00f3bulo, el helix&#8230;<\/p>\n<p>6 mm de di\u00e1metro interior (vertical):<br \/>\n10 mm de di\u00e1metro interior (horizontal)<br \/>\n10 mm de di\u00e1metro total (vertical; desde el extremo superior exterior al extremo inferior exterior)<\/p>\n<blockquote><p><strong>Tambi\u00e9n te puede gustar <a title=\"Aro de acero quir\u00fargico con cierre de bisagra, tocado de cacique.\" href=\"https:\/\/www.camaleontattoo.com\/tienda\/aros-piercings\/cacique\/\" rel=\"\">Cacique<\/a>, <a title=\"Aro de acero quir\u00fargico con cierre de bisagra p\u00e9talos de loto\" href=\"https:\/\/www.camaleontattoo.com\/tienda\/aros-piercings\/lutea\/\" rel=\"\">Lutea<\/a> o <a title=\"Aro de acero quir\u00fargico con cierre de bisagra pavo real\" href=\"https:\/\/www.camaleontattoo.com\/tienda\/aros-piercings\/look-at-me\/\" rel=\"\">Look at me!<\/a><\/strong><\/p><\/blockquote>\n<p>Esta joya o abalorio <strong>no va a cambiar de apariencia con el tiempo, ni te va a dar problemas<\/strong>, por eso es una apuesta segura para comprar piercings online. Puedes encontrar m\u00e1s joyas de dise\u00f1o y calidad en la tienda online de Camale\u00f3n Tattoo. \u00a1Reinv\u00e9ntate sin miedo!<\/p>\n<h3>\u00bfD\u00f3nde lo puedo usar?<\/h3>\n<p>Este aro de fuego, por su forma ovalada y cierre de click, es ideal para el septum, daith o smile. Aunque tambi\u00e9n puedes probar a usarlo en el l\u00f3bulo o el h\u00e9lix. \u00a1Reinv\u00e9ntate!<\/p>\n<h3>Informaci\u00f3n adicional<\/h3>\n<p>Grosor: 1,2 mm<br \/>\nDi\u00e1metro interno: 6,0 mm<br \/>\nTipo de cierre: bisagra<br \/>\nMaterial: acero quir\u00fargico 316L<br \/>\nColor: plateado<\/p>\n","protected":false},"excerpt":{"rendered":"<p>Aro de acero quir\u00fargico con cierre de bisagra fuego<\/p>\n","protected":false},"featured_media":7459,"comment_status":"open","ping_status":"closed","template":"","meta":[],"product_brand":[],"product_cat":[64],"product_tag":[101,98,105,97,108],"class_list":{"0":"post-7458","1":"product","2":"type-product","3":"status-publish","4":"has-post-thumbnail","6":"product_cat-aros-piercings","7":"product_tag-daith","8":"product_tag-helix","9":"product_tag-lobulo-lobe","10":"product_tag-septum","11":"product_tag-smile","13":"first","14":"instock","15":"taxable","16":"shipping-taxable","17":"purchasable","18":"product-type-simple"},"_links":{"self":[{"href":"https:\/\/www.camaleontattoo.com\/tienda\/wp-json\/wp\/v2\/product\/7458","targetHints":{"allow":["GET"]}}],"collection":[{"href":"https:\/\/www.camaleontattoo.com\/tienda\/wp-json\/wp\/v2\/product"}],"about":[{"href":"https:\/\/www.camaleontattoo.com\/tienda\/wp-json\/wp\/v2\/types\/product"}],"replies":[{"embeddable":true,"href":"https:\/\/www.camaleontattoo.com\/tienda\/wp-json\/wp\/v2\/comments?post=7458"}],"wp:featuredmedia":[{"embeddable":true,"href":"https:\/\/www.camaleontattoo.com\/tienda\/wp-json\/wp\/v2\/media\/7459"}],"wp:attachment":[{"href":"https:\/\/www.camaleontattoo.com\/tienda\/wp-json\/wp\/v2\/media?parent=7458"}],"wp:term":[{"taxonomy":"product_brand","embeddable":true,"href":"https:\/\/www.camaleontattoo.com\/tienda\/wp-json\/wp\/v2\/product_brand?post=7458"},{"taxonomy":"product_cat","embeddable":true,"href":"https:\/\/www.camaleontattoo.com\/tienda\/wp-json\/wp\/v2\/product_cat?post=7458"},{"taxonomy":"product_tag","embeddable":true,"href":"https:\/\/www.camaleontattoo.com\/tienda\/wp-json\/wp\/v2\/product_tag?post=7458"}],"curies":[{"name":"wp","href":"https:\/\/api.w.org\/{rel}","templated":true}]}}