{"id":7452,"date":"2020-12-14T17:47:23","date_gmt":"2020-12-14T17:47:23","guid":{"rendered":"https:\/\/www.camaleontattoo.com\/tienda\/?post_type=product&#038;p=7452"},"modified":"2025-06-05T20:06:22","modified_gmt":"2025-06-05T20:06:22","slug":"cacique","status":"publish","type":"product","link":"https:\/\/www.camaleontattoo.com\/tienda\/aros-piercings\/cacique\/","title":{"rendered":"Cacique"},"content":{"rendered":"<h2>Empoderate con este aro de cacique de acero quir\u00fargico<\/h2>\n<p>Siente poder y autoridad con este aro de cacique de acero quir\u00fargico, su forma recuerda al tocado de los antiguos caciques indios. Su dise\u00f1o \u00fanico es perfecto para todos los d\u00edas y que nadie se te suba a la espalda.<\/p>\n<p>Est\u00e1 fabricado en <strong>acero quir\u00fargico 316L<\/strong> y ofrece un manejo s\u00faper f\u00e1cil gracias a su <strong>cierre de bisagra de alta calidad<\/strong>.<\/p>\n<p>6 mm de di\u00e1metro interior (vertical):<br \/>\n10 mm de di\u00e1metro interior (horizontal)<br \/>\n10,5 mm de di\u00e1metro total (vertical; desde el extremo superior exterior, al extremo inferior exterior)<\/p>\n<blockquote><p><strong>Si te gusta este producto tambi\u00e9n te puede interesar <a title=\"Aro de acero quir\u00fargico con cierre de bisagra p\u00e9talos de loto\" href=\"https:\/\/www.camaleontattoo.com\/tienda\/aros-piercings\/lutea\/\" rel=\"\">lutea<\/a> o <a title=\"Aro de acero quir\u00fargico con cierre de bisagra fuego\" href=\"https:\/\/www.camaleontattoo.com\/tienda\/aros-piercings\/fuego\/\" rel=\"\">lume<\/a>.\u00a0<\/strong><\/p><\/blockquote>\n<p>En la tienda online de Camale\u00f3n Tattoo s\u00f3lo encontrar\u00e1s <strong>joyer\u00eda de la mejor calidad<\/strong>, es un lugar de confianza donde comprar piercings online, con todas las garant\u00edas. Y si tienes alguna duda cons\u00faltanos, en Camale\u00f3n Tattoo estamos encantados de ayudarte.<\/p>\n<h3>\u00bfD\u00f3nde puedo poner este aro?<\/h3>\n<p>Esta joya est\u00e1 pensada para el septum, pero tambi\u00e9n luce de maravilla en el daith o en el smile. Si quieres innovar puedes probar a usarlo en el h\u00e9lix o el l\u00f3bulo. \u00a1Reinventate! Y ante la duda preg\u00fantanos.<\/p>\n<h3>Informaci\u00f3n adicional<\/h3>\n<p>Grosor: 1,2 mm<br \/>\nDi\u00e1metro interno: 6,0 mm<br \/>\nTipo de cierre: bisagra<br \/>\nMaterial: acero quir\u00fargico 316L<br \/>\nColor: plateado, dorado<\/p>\n<p>&nbsp;<\/p>\n<p>&nbsp;<\/p>\n<p>&nbsp;<\/p>\n","protected":false},"excerpt":{"rendered":"<p>Aro de acero quir\u00fargico con cierre de bisagra, tocado de cacique.<\/p>\n<p>&nbsp;<\/p>\n","protected":false},"featured_media":7453,"comment_status":"open","ping_status":"closed","template":"","meta":[],"product_brand":[],"product_cat":[64],"product_tag":[101,97,108],"class_list":{"0":"post-7452","1":"product","2":"type-product","3":"status-publish","4":"has-post-thumbnail","6":"product_cat-aros-piercings","7":"product_tag-daith","8":"product_tag-septum","9":"product_tag-smile","11":"first","12":"instock","13":"taxable","14":"shipping-taxable","15":"purchasable","16":"product-type-variable"},"_links":{"self":[{"href":"https:\/\/www.camaleontattoo.com\/tienda\/wp-json\/wp\/v2\/product\/7452","targetHints":{"allow":["GET"]}}],"collection":[{"href":"https:\/\/www.camaleontattoo.com\/tienda\/wp-json\/wp\/v2\/product"}],"about":[{"href":"https:\/\/www.camaleontattoo.com\/tienda\/wp-json\/wp\/v2\/types\/product"}],"replies":[{"embeddable":true,"href":"https:\/\/www.camaleontattoo.com\/tienda\/wp-json\/wp\/v2\/comments?post=7452"}],"wp:featuredmedia":[{"embeddable":true,"href":"https:\/\/www.camaleontattoo.com\/tienda\/wp-json\/wp\/v2\/media\/7453"}],"wp:attachment":[{"href":"https:\/\/www.camaleontattoo.com\/tienda\/wp-json\/wp\/v2\/media?parent=7452"}],"wp:term":[{"taxonomy":"product_brand","embeddable":true,"href":"https:\/\/www.camaleontattoo.com\/tienda\/wp-json\/wp\/v2\/product_brand?post=7452"},{"taxonomy":"product_cat","embeddable":true,"href":"https:\/\/www.camaleontattoo.com\/tienda\/wp-json\/wp\/v2\/product_cat?post=7452"},{"taxonomy":"product_tag","embeddable":true,"href":"https:\/\/www.camaleontattoo.com\/tienda\/wp-json\/wp\/v2\/product_tag?post=7452"}],"curies":[{"name":"wp","href":"https:\/\/api.w.org\/{rel}","templated":true}]}}