{"id":7446,"date":"2020-12-14T17:44:33","date_gmt":"2020-12-14T17:44:33","guid":{"rendered":"https:\/\/www.camaleontattoo.com\/tienda\/?post_type=product&#038;p=7446"},"modified":"2021-04-05T16:41:09","modified_gmt":"2021-04-05T16:41:09","slug":"look-at-me","status":"publish","type":"product","link":"https:\/\/www.camaleontattoo.com\/tienda\/aros-piercings\/look-at-me\/","title":{"rendered":"Look at me"},"content":{"rendered":"<h2>Luce este aro de acero quir\u00fargico como un aut\u00e9ntico pavo real<\/h2>\n<p>Los pavos reales exhiben sus plumas sin importarles el d\u00eda, tu puedes hacer exactamente lo mismo con este aro de acero quir\u00fargico 316L que recuerda a sus preciosas plumas. Los pavos reales se suelen asociar con el concepto de vanidad, aunque en en casi todas las culturas es un s\u00edmbolo relacionado con <strong>la belleza, la gloria, la inmortalidad y la sabidur\u00eda<\/strong>.<\/p>\n<p>Su sistema de <strong>cierre con bisagra de alta calidad<\/strong>, hace que sea f\u00e1cil de manejar y muy c\u00f3modo.<\/p>\n<p>Este aro de acero quir\u00fargico, por su forma ovalada, es <strong>ideal para el septum, el daith o el smile<\/strong>, aunque siempre puedes dejar volar tu imaginaci\u00f3n y usarlo en otros piercings.<\/p>\n<blockquote><p><strong>Tambi\u00e9n te pueden gustar <a title=\"Aro de acero quir\u00fargico con cierre de bisagra flor de loto\" href=\"https:\/\/www.camaleontattoo.com\/tienda\/aros-piercings\/nucifera\/\" rel=\"\">Nucifera<\/a> o <a title=\"Aro de acero quir\u00fargico con cierre de bisagra con cristales blancos.\" href=\"https:\/\/www.camaleontattoo.com\/tienda\/aros-piercings\/puente\/\" rel=\"\">Puente<\/a>\u00a0<\/strong><\/p><\/blockquote>\n<p>Si tienes alguna duda sobre el producto de la tienda online de Camale\u00f3n Tattoo, preg\u00fantanos sin compromiso, el equipo de Camale\u00f3n Tattoo est\u00e1 para ayudarte.<\/p>\n<p>6 mm de di\u00e1metro interior (vertical):<br \/>\n10 mm de di\u00e1metro interior (horizontal)<br \/>\n10 mm de di\u00e1metro total (vertical; desde el extremo superior exterior al extremo inferior exterior)<br \/>\nSi te gusta este producto tambi\u00e9n te pude interesar lutea o lume.<\/p>\n<h3>Informaci\u00f3n adicional<\/h3>\n<p>Grosor: 1,2 mm<br \/>\nDi\u00e1metro interno: 6,0 mm<br \/>\nTipo de cierre: bisagra<br \/>\nMaterial: acero quir\u00fargico 316L<br \/>\nColor: plateado, dorado<\/p>\n","protected":false},"excerpt":{"rendered":"<p>Aro de acero quir\u00fargico con cierre de bisagra pavo real<\/p>\n","protected":false},"featured_media":7447,"comment_status":"open","ping_status":"closed","template":"","meta":[],"product_brand":[],"product_cat":[64],"product_tag":[101,105,97,108],"class_list":{"0":"post-7446","1":"product","2":"type-product","3":"status-publish","4":"has-post-thumbnail","6":"product_cat-aros-piercings","7":"product_tag-daith","8":"product_tag-lobulo-lobe","9":"product_tag-septum","10":"product_tag-smile","12":"first","13":"instock","14":"taxable","15":"shipping-taxable","16":"purchasable","17":"product-type-variable"},"_links":{"self":[{"href":"https:\/\/www.camaleontattoo.com\/tienda\/wp-json\/wp\/v2\/product\/7446","targetHints":{"allow":["GET"]}}],"collection":[{"href":"https:\/\/www.camaleontattoo.com\/tienda\/wp-json\/wp\/v2\/product"}],"about":[{"href":"https:\/\/www.camaleontattoo.com\/tienda\/wp-json\/wp\/v2\/types\/product"}],"replies":[{"embeddable":true,"href":"https:\/\/www.camaleontattoo.com\/tienda\/wp-json\/wp\/v2\/comments?post=7446"}],"wp:featuredmedia":[{"embeddable":true,"href":"https:\/\/www.camaleontattoo.com\/tienda\/wp-json\/wp\/v2\/media\/7447"}],"wp:attachment":[{"href":"https:\/\/www.camaleontattoo.com\/tienda\/wp-json\/wp\/v2\/media?parent=7446"}],"wp:term":[{"taxonomy":"product_brand","embeddable":true,"href":"https:\/\/www.camaleontattoo.com\/tienda\/wp-json\/wp\/v2\/product_brand?post=7446"},{"taxonomy":"product_cat","embeddable":true,"href":"https:\/\/www.camaleontattoo.com\/tienda\/wp-json\/wp\/v2\/product_cat?post=7446"},{"taxonomy":"product_tag","embeddable":true,"href":"https:\/\/www.camaleontattoo.com\/tienda\/wp-json\/wp\/v2\/product_tag?post=7446"}],"curies":[{"name":"wp","href":"https:\/\/api.w.org\/{rel}","templated":true}]}}