{"id":7440,"date":"2020-12-14T17:40:37","date_gmt":"2020-12-14T17:40:37","guid":{"rendered":"https:\/\/www.camaleontattoo.com\/tienda\/?post_type=product&#038;p=7440"},"modified":"2023-09-14T10:55:12","modified_gmt":"2023-09-14T10:55:12","slug":"nucifera","status":"publish","type":"product","link":"https:\/\/www.camaleontattoo.com\/tienda\/aros-piercings\/nucifera\/","title":{"rendered":"Nucifera"},"content":{"rendered":"<h2>Aro de flor de loto de acero quir\u00fargico<\/h2>\n<p>Las flores de loto son capaces de sobrevivir en terrenos hostiles, esperamos que tu vida sea de color de rosas, pero por si acaso puedes llevar este aro de flor de loto de <strong>acero quir\u00fargico 316L<\/strong> y florecer entre terrenos pantanosos.<\/p>\n<p>Tiene un sistema de <strong>cierre de click<\/strong>, con una bisagra de alta calidad, lo que lo hace f\u00e1cil de manejar y muy c\u00f3modo a la par que duradero, ya que no se deforma con el uso.<\/p>\n<p>6 mm de di\u00e1metro interior (vertical):<\/p>\n<p>10 mm de di\u00e1metro interior (horizontal)<br \/>\n10 mm de di\u00e1metro total (vertical; desde el extremo superior exterior, al extremo inferior exterior)<\/p>\n<h3>\u00bfD\u00f3nde lo puedes usar?<\/h3>\n<p>Este aro, por su forma ovalada, es <strong>ideal para el septum, el daith o el smile<\/strong>. Aun as\u00ed&#8230; \u00a1puedes experimentar! Prueba a usarlo en el l\u00f3bulo o en el piercing h\u00e9lix. \u00a1Da igual donde te lo pongas, esta joya siempre se ver\u00e1 perfecta! Su apariencia no cambiar\u00e1 con el tiempo ni te producir\u00e1 ning\u00fan tipo alergia. Sin duda es una <strong>compra segura de materiales de primera calidad<\/strong>.<\/p>\n<blockquote><p><strong>Tambi\u00e9n te puede gustar <a title=\"Aro de acero quir\u00fargico con cierre de bisagra p\u00e9talos de loto\" href=\"https:\/\/www.camaleontattoo.com\/tienda\/aros-piercings\/lutea\/\" rel=\"\">Lutea<\/a> o <a title=\"Aro de acero quir\u00fargico con cierre de bisagra pavo real\" href=\"https:\/\/www.camaleontattoo.com\/tienda\/aros-piercings\/look-at-me\/\" rel=\"\">Look At Me!<\/a><\/strong><\/p><\/blockquote>\n<h3>Informaci\u00f3n adicional<\/h3>\n<p>Grosor: 1,2 mm<br \/>\nDi\u00e1metro interno: 6,0 mm<br \/>\nTipo de cierre: bisagra<br \/>\nMaterial: acero quir\u00fargico 316L<br \/>\nColor: plateado, dorado<\/p>\n","protected":false},"excerpt":{"rendered":"<p>Aro de acero quir\u00fargico con cierre de bisagra flor de loto<\/p>\n","protected":false},"featured_media":7441,"comment_status":"open","ping_status":"closed","template":"","meta":[],"product_brand":[],"product_cat":[64],"product_tag":[101,97,108],"class_list":{"0":"post-7440","1":"product","2":"type-product","3":"status-publish","4":"has-post-thumbnail","6":"product_cat-aros-piercings","7":"product_tag-daith","8":"product_tag-septum","9":"product_tag-smile","11":"first","12":"instock","13":"taxable","14":"shipping-taxable","15":"purchasable","16":"product-type-variable"},"_links":{"self":[{"href":"https:\/\/www.camaleontattoo.com\/tienda\/wp-json\/wp\/v2\/product\/7440","targetHints":{"allow":["GET"]}}],"collection":[{"href":"https:\/\/www.camaleontattoo.com\/tienda\/wp-json\/wp\/v2\/product"}],"about":[{"href":"https:\/\/www.camaleontattoo.com\/tienda\/wp-json\/wp\/v2\/types\/product"}],"replies":[{"embeddable":true,"href":"https:\/\/www.camaleontattoo.com\/tienda\/wp-json\/wp\/v2\/comments?post=7440"}],"wp:featuredmedia":[{"embeddable":true,"href":"https:\/\/www.camaleontattoo.com\/tienda\/wp-json\/wp\/v2\/media\/7441"}],"wp:attachment":[{"href":"https:\/\/www.camaleontattoo.com\/tienda\/wp-json\/wp\/v2\/media?parent=7440"}],"wp:term":[{"taxonomy":"product_brand","embeddable":true,"href":"https:\/\/www.camaleontattoo.com\/tienda\/wp-json\/wp\/v2\/product_brand?post=7440"},{"taxonomy":"product_cat","embeddable":true,"href":"https:\/\/www.camaleontattoo.com\/tienda\/wp-json\/wp\/v2\/product_cat?post=7440"},{"taxonomy":"product_tag","embeddable":true,"href":"https:\/\/www.camaleontattoo.com\/tienda\/wp-json\/wp\/v2\/product_tag?post=7440"}],"curies":[{"name":"wp","href":"https:\/\/api.w.org\/{rel}","templated":true}]}}