{"id":7434,"date":"2020-12-14T17:36:28","date_gmt":"2020-12-14T17:36:28","guid":{"rendered":"https:\/\/www.camaleontattoo.com\/tienda\/?post_type=product&#038;p=7434"},"modified":"2024-10-26T17:40:04","modified_gmt":"2024-10-26T17:40:04","slug":"lutea","status":"publish","type":"product","link":"https:\/\/www.camaleontattoo.com\/tienda\/aros-piercings\/lutea\/","title":{"rendered":"Lutea"},"content":{"rendered":"<h2>Florece todos los d\u00edas con este aro de acero quir\u00fargico con forma de flor<\/h2>\n<p>Haz que tus d\u00edas prosperen con este aro de acero quir\u00fargico con forma de flor. Este dise\u00f1o recuerda al bello crecimiento de una flor, fuerte, resistente y bella. Tiene un sistema de <strong>cierre de click<\/strong>, con una bisagra de alta calidad.\u00a0 Esta clase de cierre facilita su uso y manejo, siendo una joya muy duradera en el tiempo.<\/p>\n<h3>\u00a1L\u00facelo en distintos piercings!<\/h3>\n<p>Este aro, por su forma ovalada, es ideal para el <strong>septum<\/strong>, el <strong>daith<\/strong> o el <strong>smile<\/strong>. Pero siempre puedes divertirte probando zonas nuevas como el h\u00e9lix, l\u00f3bulo, tragus&#8230; \u00a1Da igual donde te lo pongas, esta joya siempre se ver\u00e1 perfecta! Su apariencia no cambiar\u00e1 con el tiempo ni te producir\u00e1 ning\u00fan tipo alergia. Sin duda es una\u00a0<strong>compra segura online de materiales de primera calidad<\/strong>.<\/p>\n<p>6 mm de di\u00e1metro interior (vertical):<\/p>\n<p>10 mm de di\u00e1metro interior (horizontal)<\/p>\n<p>10 mm de di\u00e1metro total (vertical; desde el extremo superior exterior al extremo inferior exterior)<\/p>\n<blockquote><p><strong>Si te gusta este producto tambi\u00e9n te pude interesar <a title=\"Aro de acero quir\u00fargico con cierre de bisagra flor de loto\" href=\"https:\/\/www.camaleontattoo.com\/tienda\/aros-piercings\/nucifera\/\" rel=\"\">nucifera<\/a> o <a title=\"Aro de acero quir\u00fargico con cierre de bisagra, tocado de cacique.\" href=\"https:\/\/www.camaleontattoo.com\/tienda\/aros-piercings\/cacique\/\" rel=\"\">cacique<\/a>.<\/strong><\/p><\/blockquote>\n<h3>Informaci\u00f3n adicional<\/h3>\n<p>Grosor: 1,2 mm<br \/>\nDi\u00e1metro interno: 6,0 mm<br \/>\nTipo de cierre: bisagra<br \/>\nMaterial: acero quir\u00fargico 316L<br \/>\nColor: plateado, dorado<\/p>\n","protected":false},"excerpt":{"rendered":"<p>Aro de acero quir\u00fargico con cierre de bisagra p\u00e9talos de loto<\/p>\n","protected":false},"featured_media":7435,"comment_status":"open","ping_status":"closed","template":"","meta":[],"product_brand":[],"product_cat":[64],"product_tag":[101,97,108],"class_list":{"0":"post-7434","1":"product","2":"type-product","3":"status-publish","4":"has-post-thumbnail","6":"product_cat-aros-piercings","7":"product_tag-daith","8":"product_tag-septum","9":"product_tag-smile","11":"first","12":"instock","13":"taxable","14":"shipping-taxable","15":"purchasable","16":"product-type-variable"},"_links":{"self":[{"href":"https:\/\/www.camaleontattoo.com\/tienda\/wp-json\/wp\/v2\/product\/7434","targetHints":{"allow":["GET"]}}],"collection":[{"href":"https:\/\/www.camaleontattoo.com\/tienda\/wp-json\/wp\/v2\/product"}],"about":[{"href":"https:\/\/www.camaleontattoo.com\/tienda\/wp-json\/wp\/v2\/types\/product"}],"replies":[{"embeddable":true,"href":"https:\/\/www.camaleontattoo.com\/tienda\/wp-json\/wp\/v2\/comments?post=7434"}],"wp:featuredmedia":[{"embeddable":true,"href":"https:\/\/www.camaleontattoo.com\/tienda\/wp-json\/wp\/v2\/media\/7435"}],"wp:attachment":[{"href":"https:\/\/www.camaleontattoo.com\/tienda\/wp-json\/wp\/v2\/media?parent=7434"}],"wp:term":[{"taxonomy":"product_brand","embeddable":true,"href":"https:\/\/www.camaleontattoo.com\/tienda\/wp-json\/wp\/v2\/product_brand?post=7434"},{"taxonomy":"product_cat","embeddable":true,"href":"https:\/\/www.camaleontattoo.com\/tienda\/wp-json\/wp\/v2\/product_cat?post=7434"},{"taxonomy":"product_tag","embeddable":true,"href":"https:\/\/www.camaleontattoo.com\/tienda\/wp-json\/wp\/v2\/product_tag?post=7434"}],"curies":[{"name":"wp","href":"https:\/\/api.w.org\/{rel}","templated":true}]}}