{"id":7422,"date":"2020-12-14T17:29:10","date_gmt":"2020-12-14T17:29:10","guid":{"rendered":"https:\/\/www.camaleontattoo.com\/tienda\/?post_type=product&#038;p=7422"},"modified":"2025-05-08T19:15:54","modified_gmt":"2025-05-08T19:15:54","slug":"esplendor","status":"publish","type":"product","link":"https:\/\/www.camaleontattoo.com\/tienda\/aros-piercings\/esplendor\/","title":{"rendered":"Esplendor"},"content":{"rendered":"<h2>\u00a1Siempre brillante! Aro de acero quir\u00fargico con cristales de Swarovski<\/h2>\n<p>\u00bfTe gusta brillar? Esta joya te ayudar\u00e1 a hacerlo incluso en los d\u00edas m\u00e1s grises. Este <strong>aro de acero quir\u00fargico con cristales de Swarovski engarzados<\/strong>, es uno de nuestros productos estrella, por su calidad y belleza. Esta joyer\u00eda luce elegante, atractiva y refinada en todos los piercings.<\/p>\n<p>Este aro tiene un <strong>cierre de bisagras de calidad<\/strong> que lo hace muy f\u00e1cil de poner, no se deforma y no cambia de apariencia con el tiempo, por eso es una apuesta segura para comprar piercings online de calidad. Siempre estar\u00e1 perfecto, \u00a1como el primer d\u00eda!<\/p>\n<h3>\u00a1P\u00f3ntelo donde quieras!<\/h3>\n<p>Deja volar tu creatividad, ya que puedes usar este aro brillante en casi cualquier piercing (l\u00f3bulo, rook, tragus, etc). Tanto la versi\u00f3n dorada como la plateada lucir\u00e1 genial en todos, aunque a nosotros nos encanta en el <b>h\u00e9lix<\/b>\u00a0y el <strong>conch<\/strong>.<\/p>\n<blockquote><p><strong>Si te gusta Esplendor, tambi\u00e9n te gustar\u00e1 <a title=\"Aro de acero quir\u00fargico con cierre de bisagra 5 cristales Swarovski\" href=\"https:\/\/www.camaleontattoo.com\/tienda\/aros-piercings\/shiny-shiny\/\" rel=\"\">Shiny Shiny<\/a> o <a title=\"Aro de acero quir\u00fargico con cierre de bisagra con cristales blancos.\" href=\"https:\/\/www.camaleontattoo.com\/tienda\/aros-piercings\/puente\/\" rel=\"\">Puente<\/a><\/strong><\/p><\/blockquote>\n<p>Si tienes dudas sobre alg\u00fan producto de nuestra tienda online <strong>ponte en contacto con nosotros<\/strong>. El Equipo de Camale\u00f3n Tattoo estar\u00e1 encantado de ayudarte.<\/p>\n<h3>Informaci\u00f3n adicional<\/h3>\n<p>Grosor: 1,2 mm<br \/>\nDi\u00e1metro interno: 6,0 mm \/ 7,0 mm \/ 8,0 mm \/ 9,0 mm \/ 10,0 mm \/ 12,0 mm \/ 14,00 mm<br \/>\nTipo de cierre: bisagra<br \/>\nMaterial: acero quir\u00fargico 316L<br \/>\nColor: plateado, dorado<\/p>\n","protected":false},"excerpt":{"rendered":"<p>Aro de acero quir\u00fargico con cierre de bisagra con cristales Swarovski<\/p>\n","protected":false},"featured_media":7423,"comment_status":"open","ping_status":"closed","template":"","meta":[],"product_brand":[],"product_cat":[64],"product_tag":[104,102,99,98,105,100,103],"class_list":{"0":"post-7422","1":"product","2":"type-product","3":"status-publish","4":"has-post-thumbnail","6":"product_cat-aros-piercings","7":"product_tag-anti-tragus","8":"product_tag-conch","9":"product_tag-forward-helix","10":"product_tag-helix","11":"product_tag-lobulo-lobe","12":"product_tag-rook","13":"product_tag-tragus","15":"first","16":"instock","17":"taxable","18":"shipping-taxable","19":"purchasable","20":"product-type-variable"},"_links":{"self":[{"href":"https:\/\/www.camaleontattoo.com\/tienda\/wp-json\/wp\/v2\/product\/7422","targetHints":{"allow":["GET"]}}],"collection":[{"href":"https:\/\/www.camaleontattoo.com\/tienda\/wp-json\/wp\/v2\/product"}],"about":[{"href":"https:\/\/www.camaleontattoo.com\/tienda\/wp-json\/wp\/v2\/types\/product"}],"replies":[{"embeddable":true,"href":"https:\/\/www.camaleontattoo.com\/tienda\/wp-json\/wp\/v2\/comments?post=7422"}],"wp:featuredmedia":[{"embeddable":true,"href":"https:\/\/www.camaleontattoo.com\/tienda\/wp-json\/wp\/v2\/media\/7423"}],"wp:attachment":[{"href":"https:\/\/www.camaleontattoo.com\/tienda\/wp-json\/wp\/v2\/media?parent=7422"}],"wp:term":[{"taxonomy":"product_brand","embeddable":true,"href":"https:\/\/www.camaleontattoo.com\/tienda\/wp-json\/wp\/v2\/product_brand?post=7422"},{"taxonomy":"product_cat","embeddable":true,"href":"https:\/\/www.camaleontattoo.com\/tienda\/wp-json\/wp\/v2\/product_cat?post=7422"},{"taxonomy":"product_tag","embeddable":true,"href":"https:\/\/www.camaleontattoo.com\/tienda\/wp-json\/wp\/v2\/product_tag?post=7422"}],"curies":[{"name":"wp","href":"https:\/\/api.w.org\/{rel}","templated":true}]}}