{"id":7413,"date":"2020-12-14T15:14:43","date_gmt":"2020-12-14T15:14:43","guid":{"rendered":"https:\/\/www.camaleontattoo.com\/tienda\/?post_type=product&#038;p=7413"},"modified":"2025-05-08T19:15:54","modified_gmt":"2025-05-08T19:15:54","slug":"shiny-shiny","status":"publish","type":"product","link":"https:\/\/www.camaleontattoo.com\/tienda\/aros-piercings\/shiny-shiny\/","title":{"rendered":"Shiny shiny"},"content":{"rendered":"<h2>Aro de acero quir\u00fargico con 5 cristales de Swarovski<\/h2>\n<p>Brillar\u00e1s desde lejos con este aro de acero quir\u00fargico con 5 cristales de Swarovski Zirconia engarzados. Es una <strong>joya de calidad que te durar\u00e1 toda la vida<\/strong>, siempre decimos que es m\u00e1s f\u00e1cil que pierdas la joya a que se te estropee, puedes estar seguro de que no cambiar\u00e1 su apariencia con el paso del tiempo.<\/p>\n<p>Este aro de <strong>acero quir\u00fargico 316L<\/strong> tiene <strong>cierre de click<\/strong>, con una bisagra de alta calidad. Este innovador sistema hace que sea muy f\u00e1cil de abrir y cerrar, podr\u00e1s intercambiarlo en muchos de tus piercings con facilidad.<\/p>\n<blockquote><p><strong>Tambi\u00e9n te puede interesar <a title=\"Aro de acero quir\u00fargico con cierre de bisagra con cristales Swarovski\" href=\"https:\/\/www.camaleontattoo.com\/tienda\/aros-piercings\/esplendor\/\" rel=\"\">Esplendor<\/a><\/strong><\/p><\/blockquote>\n<h3>\u00bfD\u00f3nde puedo usarlo?<\/h3>\n<p>Deja volar tu creatividad, este aro de acero quir\u00fargico <strong>lo puedes usar en casi todas las partes del cuerpo<\/strong>, especialmente en <strong>el conch y el helix<\/strong>.<br \/>\n\u00a1El art\u00edculo est\u00e1 disponible en diferentes tama\u00f1os y los cristales est\u00e1n disponibles en diferentes colores! Asegurate de escoger el adecuado para tu anatom\u00eda y tus gustos.<\/p>\n<p>Si tienes alguna duda sobre la joyer\u00eda ponte en contacto con nosotros, el equipo de Camale\u00f3n Tattoo est\u00e1 para ayudarte.<\/p>\n<h3>Informaci\u00f3n adicional<\/h3>\n<p>Grosor: 1,2 mm<br \/>\nDi\u00e1metro interno: 6,0 mm \/ 8,0 mm \/ 10,0 mm<br \/>\nTipo de cierre: bisagra<br \/>\nMaterial: acero quir\u00fargico 316L, cristales Swarovski<br \/>\nColor: plateado, dorado<\/p>\n","protected":false},"excerpt":{"rendered":"<p>Aro de acero quir\u00fargico con cierre de bisagra 5 cristales Swarovski<\/p>\n","protected":false},"featured_media":7414,"comment_status":"open","ping_status":"closed","template":"","meta":[],"product_brand":[],"product_cat":[64],"product_tag":[104,102,99,98,100,103],"class_list":{"0":"post-7413","1":"product","2":"type-product","3":"status-publish","4":"has-post-thumbnail","6":"product_cat-aros-piercings","7":"product_tag-anti-tragus","8":"product_tag-conch","9":"product_tag-forward-helix","10":"product_tag-helix","11":"product_tag-rook","12":"product_tag-tragus","14":"first","15":"instock","16":"taxable","17":"shipping-taxable","18":"purchasable","19":"product-type-variable"},"_links":{"self":[{"href":"https:\/\/www.camaleontattoo.com\/tienda\/wp-json\/wp\/v2\/product\/7413","targetHints":{"allow":["GET"]}}],"collection":[{"href":"https:\/\/www.camaleontattoo.com\/tienda\/wp-json\/wp\/v2\/product"}],"about":[{"href":"https:\/\/www.camaleontattoo.com\/tienda\/wp-json\/wp\/v2\/types\/product"}],"replies":[{"embeddable":true,"href":"https:\/\/www.camaleontattoo.com\/tienda\/wp-json\/wp\/v2\/comments?post=7413"}],"wp:featuredmedia":[{"embeddable":true,"href":"https:\/\/www.camaleontattoo.com\/tienda\/wp-json\/wp\/v2\/media\/7414"}],"wp:attachment":[{"href":"https:\/\/www.camaleontattoo.com\/tienda\/wp-json\/wp\/v2\/media?parent=7413"}],"wp:term":[{"taxonomy":"product_brand","embeddable":true,"href":"https:\/\/www.camaleontattoo.com\/tienda\/wp-json\/wp\/v2\/product_brand?post=7413"},{"taxonomy":"product_cat","embeddable":true,"href":"https:\/\/www.camaleontattoo.com\/tienda\/wp-json\/wp\/v2\/product_cat?post=7413"},{"taxonomy":"product_tag","embeddable":true,"href":"https:\/\/www.camaleontattoo.com\/tienda\/wp-json\/wp\/v2\/product_tag?post=7413"}],"curies":[{"name":"wp","href":"https:\/\/api.w.org\/{rel}","templated":true}]}}