{"id":7406,"date":"2020-12-14T15:08:08","date_gmt":"2020-12-14T15:08:08","guid":{"rendered":"https:\/\/www.camaleontattoo.com\/tienda\/?post_type=product&#038;p=7406"},"modified":"2024-03-25T02:48:34","modified_gmt":"2024-03-25T02:48:34","slug":"cruz","status":"publish","type":"product","link":"https:\/\/www.camaleontattoo.com\/tienda\/aros-piercings\/cruz\/","title":{"rendered":"Cruz"},"content":{"rendered":"<h2>Aro de acero quir\u00fargico con forma de cruz<\/h2>\n<p>Esta cruz no es ning\u00fan sacrificio, es una joya de <strong>acero quir\u00fargico 316L<\/strong> con un <strong>cierre de bisagra de alta calidad<\/strong>, podr\u00e1s ponerlo y quitarlo con toda facilidad. Llevar el piercing que te gusta siempre es un placer, no un sufrimiento. \u00a1Disfruta todos los d\u00edas de llevar este aro de acero quir\u00fargico con forma de cruz!<\/p>\n<p>Su apariencia no cambiar\u00e1 con el tiempo ni te producir\u00e1 ning\u00fan tipo alergia, ya que no contiene n\u00edquel, cadmio ni plomo. Sin duda es una <strong>compra segura de materiales de primera calidad<\/strong>.<\/p>\n<blockquote><p><strong>Si te gusta esta versi\u00f3n moderna del t\u00edpico pendiente de cruz tambi\u00e9n te puede gustar estas versiones de aros sencillos, pero con un toque especial: <a title=\"Aro de acero quir\u00fargico con cierre de bisagra, forma de cadena de bolas\" href=\"https:\/\/www.camaleontattoo.com\/tienda\/aros-piercings\/chain\/\" rel=\"\">Chain<\/a> y <a title=\"Aro de acero quir\u00fargico con cierre de bisagra cuerda torcida.\" href=\"https:\/\/www.camaleontattoo.com\/tienda\/aros-piercings\/twist\/\" rel=\"\">Twist<\/a><\/strong><\/p><\/blockquote>\n<h3>\u00bfD\u00f3nde usarlo?<\/h3>\n<p>Este aro es <strong>ideal para el conch<\/strong>, si tienes alguna duda sobre el producto de la tienda online de Camale\u00f3n Tattoo, preg\u00fantanos sin compromiso, el equipo de Camale\u00f3n Tattoo est\u00e1 para ayudarte.<\/p>\n<p>\u00a1Reinv\u00e9ntate sin miedo!<\/p>\n<p>No te olvides de dejarnos un comentario cont\u00e1ndonos tu experiencia, \u00a1nos ayudar\u00e1s a nosotros y a gente tan maja como t\u00fa!<\/p>\n<h3>Informaci\u00f3n adicional<\/h3>\n<p>Grosor: 1,2 mm<br \/>\nDi\u00e1metro interno: 12,0 mm<br \/>\nTipo de cierre: bisagra<br \/>\nMaterial: acero quir\u00fargico 316L<br \/>\nColor: plateado, dorado<\/p>\n","protected":false},"excerpt":{"rendered":"<p>Aro de acero quir\u00fargico con cierre de bisagra con forma de cruz<\/p>\n","protected":false},"featured_media":7407,"comment_status":"open","ping_status":"closed","template":"","meta":[],"product_brand":[],"product_cat":[64],"product_tag":[101,105],"class_list":{"0":"post-7406","1":"product","2":"type-product","3":"status-publish","4":"has-post-thumbnail","6":"product_cat-aros-piercings","7":"product_tag-daith","8":"product_tag-lobulo-lobe","10":"first","11":"instock","12":"taxable","13":"shipping-taxable","14":"purchasable","15":"product-type-variable"},"_links":{"self":[{"href":"https:\/\/www.camaleontattoo.com\/tienda\/wp-json\/wp\/v2\/product\/7406","targetHints":{"allow":["GET"]}}],"collection":[{"href":"https:\/\/www.camaleontattoo.com\/tienda\/wp-json\/wp\/v2\/product"}],"about":[{"href":"https:\/\/www.camaleontattoo.com\/tienda\/wp-json\/wp\/v2\/types\/product"}],"replies":[{"embeddable":true,"href":"https:\/\/www.camaleontattoo.com\/tienda\/wp-json\/wp\/v2\/comments?post=7406"}],"wp:featuredmedia":[{"embeddable":true,"href":"https:\/\/www.camaleontattoo.com\/tienda\/wp-json\/wp\/v2\/media\/7407"}],"wp:attachment":[{"href":"https:\/\/www.camaleontattoo.com\/tienda\/wp-json\/wp\/v2\/media?parent=7406"}],"wp:term":[{"taxonomy":"product_brand","embeddable":true,"href":"https:\/\/www.camaleontattoo.com\/tienda\/wp-json\/wp\/v2\/product_brand?post=7406"},{"taxonomy":"product_cat","embeddable":true,"href":"https:\/\/www.camaleontattoo.com\/tienda\/wp-json\/wp\/v2\/product_cat?post=7406"},{"taxonomy":"product_tag","embeddable":true,"href":"https:\/\/www.camaleontattoo.com\/tienda\/wp-json\/wp\/v2\/product_tag?post=7406"}],"curies":[{"name":"wp","href":"https:\/\/api.w.org\/{rel}","templated":true}]}}