{"id":7400,"date":"2020-12-14T15:05:19","date_gmt":"2020-12-14T15:05:19","guid":{"rendered":"https:\/\/www.camaleontattoo.com\/tienda\/?post_type=product&#038;p=7400"},"modified":"2022-02-05T11:52:16","modified_gmt":"2022-02-05T11:52:16","slug":"triada","status":"publish","type":"product","link":"https:\/\/www.camaleontattoo.com\/tienda\/aros-piercings\/triada\/","title":{"rendered":"Triada"},"content":{"rendered":"<h2>Triple aro de acero quir\u00fargico<\/h2>\n<p>La vida tiene muchos caminos, uno, dos y tres, \u00a1escoge el tuyo! Con este triple aro de <strong>acero quir\u00fargico 316L<\/strong> no perder\u00e1s tiempo escogiendo con qu\u00e9 combinarlo. Siempre estar\u00e1s list@ para vivir la vida como t\u00fa quieras.<\/p>\n<p>Esta joya tiene un dise\u00f1o sencillo, que simula tener tres niveles, como si tuvieras tres aros pegados. Tiene <strong>cierre de click<\/strong>, con bisagra de alta calidad lo que permite un manejo f\u00e1cil y r\u00e1pido. Podr\u00e1s intercambiarlo f\u00e1cilmente entre distintos piercings.<\/p>\n<blockquote><p><strong>Si te gusta este aro te tambi\u00e9n te puede gustar <a title=\"Aro de acero quir\u00fargico con cierre de bisagra, tocado de cacique.\" href=\"https:\/\/www.camaleontattoo.com\/tienda\/aros-piercings\/cacique\/\" rel=\"\">Cacique<\/a><\/strong><\/p><\/blockquote>\n<p>No te preocupes por las reacciones al\u00e9rgicas, esta joya est\u00e1 <strong>libre de n\u00edquel, de plomo y de cadmio<\/strong>, en Camale\u00f3n Tattoo s\u00f3lo ofrecemos <strong>productos de la mejor calidad<\/strong>, por eso la tienda online de Camale\u00f3n Tattoo es una apuesta segura para comprar piercings online.<\/p>\n<h3>\u00bfD\u00f3nde usarlo?<\/h3>\n<p>El triple aro de acero quir\u00fargico tiene la parte trasera plana, por lo que es <strong>ideal para el septum o el smile<\/strong>, aunque tambi\u00e9n lo puedes usar en <strong>el daith o el helix<\/strong>.<\/p>\n<p>Puedes encontrar m\u00e1s joyas de dise\u00f1o y calidad en la tienda online de Camale\u00f3n Tattoo. \u00a1Reinventate sin miedo!<\/p>\n<h3>Informaci\u00f3n adicional<\/h3>\n<p>Grosor: 1,2 mm<br \/>\nDi\u00e1metro interno: 6,0 mm \/ 8,0 mm<br \/>\nTipo de cierre: bisagra<br \/>\nMaterial: acero quir\u00fargico 316L<br \/>\nColor: plateado, dorado<\/p>\n","protected":false},"excerpt":{"rendered":"<p>Aro de acero quir\u00fargico 316L con cierre de bisagra tres niveles<\/p>\n","protected":false},"featured_media":7401,"comment_status":"open","ping_status":"closed","template":"","meta":[],"product_brand":[],"product_cat":[64],"product_tag":[101,98,97,108],"class_list":{"0":"post-7400","1":"product","2":"type-product","3":"status-publish","4":"has-post-thumbnail","6":"product_cat-aros-piercings","7":"product_tag-daith","8":"product_tag-helix","9":"product_tag-septum","10":"product_tag-smile","12":"first","13":"instock","14":"taxable","15":"shipping-taxable","16":"purchasable","17":"product-type-variable"},"_links":{"self":[{"href":"https:\/\/www.camaleontattoo.com\/tienda\/wp-json\/wp\/v2\/product\/7400","targetHints":{"allow":["GET"]}}],"collection":[{"href":"https:\/\/www.camaleontattoo.com\/tienda\/wp-json\/wp\/v2\/product"}],"about":[{"href":"https:\/\/www.camaleontattoo.com\/tienda\/wp-json\/wp\/v2\/types\/product"}],"replies":[{"embeddable":true,"href":"https:\/\/www.camaleontattoo.com\/tienda\/wp-json\/wp\/v2\/comments?post=7400"}],"wp:featuredmedia":[{"embeddable":true,"href":"https:\/\/www.camaleontattoo.com\/tienda\/wp-json\/wp\/v2\/media\/7401"}],"wp:attachment":[{"href":"https:\/\/www.camaleontattoo.com\/tienda\/wp-json\/wp\/v2\/media?parent=7400"}],"wp:term":[{"taxonomy":"product_brand","embeddable":true,"href":"https:\/\/www.camaleontattoo.com\/tienda\/wp-json\/wp\/v2\/product_brand?post=7400"},{"taxonomy":"product_cat","embeddable":true,"href":"https:\/\/www.camaleontattoo.com\/tienda\/wp-json\/wp\/v2\/product_cat?post=7400"},{"taxonomy":"product_tag","embeddable":true,"href":"https:\/\/www.camaleontattoo.com\/tienda\/wp-json\/wp\/v2\/product_tag?post=7400"}],"curies":[{"name":"wp","href":"https:\/\/api.w.org\/{rel}","templated":true}]}}