{"id":7393,"date":"2020-12-14T13:33:57","date_gmt":"2020-12-14T13:33:57","guid":{"rendered":"https:\/\/www.camaleontattoo.com\/tienda\/?post_type=product&#038;p=7393"},"modified":"2021-10-02T12:12:47","modified_gmt":"2021-10-02T12:12:47","slug":"chain","status":"publish","type":"product","link":"https:\/\/www.camaleontattoo.com\/tienda\/aros-piercings\/chain\/","title":{"rendered":"Chain"},"content":{"rendered":"<h2>Original y sencillo aro de acero quir\u00fargico<\/h2>\n<p>Marca la diferencia con este aro con forma de cadena de bolas, sencillamente distinto a los dem\u00e1s. Est\u00e1 hecho de acero quir\u00fargico 316L por lo que no contiene n\u00edquel y no dar\u00e1 ning\u00fan tipo de reacci\u00f3n al\u00e9rgica.<\/p>\n<p>El piercing tiene una bisagra curva, lo que le permite un f\u00e1cil manejo para poner el piercing. Lo puedes poner en distintos piercings como tragus, helix, l\u00f3bulo, septum, labios&#8230; \u00a1Puedes escoger libremente! Da igual donde te pongas esta joya, siempre se ver\u00e1 impresionante.<\/p>\n<p>No te quedes con la duda, \u00a1preg\u00fantanos lo que quieras! En Camale\u00f3n Tattoo estamos para ayudarte.<\/p>\n<h3>Informaci\u00f3n adicional<\/h3>\n<p>Grosor: 1,2 mm<br \/>\nDi\u00e1metro interno: 6,0 mm \/ 8,0 mm \/ 10,0 mm<br \/>\nTipo de cierre: bisagra<br \/>\nMaterial: acero quir\u00fargico 316L<br \/>\nColor: plateado, dorado<\/p>\n","protected":false},"excerpt":{"rendered":"<p>Aro de acero quir\u00fargico con cierre de bisagra, forma de cadena de bolas<\/p>\n","protected":false},"featured_media":7394,"comment_status":"open","ping_status":"closed","template":"","meta":[],"product_brand":[],"product_cat":[64],"product_tag":[104,102,101,99,98,107,105,100,97,103],"class_list":{"0":"post-7393","1":"product","2":"type-product","3":"status-publish","4":"has-post-thumbnail","6":"product_cat-aros-piercings","7":"product_tag-anti-tragus","8":"product_tag-conch","9":"product_tag-daith","10":"product_tag-forward-helix","11":"product_tag-helix","12":"product_tag-labio","13":"product_tag-lobulo-lobe","14":"product_tag-rook","15":"product_tag-septum","16":"product_tag-tragus","18":"first","19":"instock","20":"taxable","21":"shipping-taxable","22":"purchasable","23":"product-type-variable"},"_links":{"self":[{"href":"https:\/\/www.camaleontattoo.com\/tienda\/wp-json\/wp\/v2\/product\/7393","targetHints":{"allow":["GET"]}}],"collection":[{"href":"https:\/\/www.camaleontattoo.com\/tienda\/wp-json\/wp\/v2\/product"}],"about":[{"href":"https:\/\/www.camaleontattoo.com\/tienda\/wp-json\/wp\/v2\/types\/product"}],"replies":[{"embeddable":true,"href":"https:\/\/www.camaleontattoo.com\/tienda\/wp-json\/wp\/v2\/comments?post=7393"}],"wp:featuredmedia":[{"embeddable":true,"href":"https:\/\/www.camaleontattoo.com\/tienda\/wp-json\/wp\/v2\/media\/7394"}],"wp:attachment":[{"href":"https:\/\/www.camaleontattoo.com\/tienda\/wp-json\/wp\/v2\/media?parent=7393"}],"wp:term":[{"taxonomy":"product_brand","embeddable":true,"href":"https:\/\/www.camaleontattoo.com\/tienda\/wp-json\/wp\/v2\/product_brand?post=7393"},{"taxonomy":"product_cat","embeddable":true,"href":"https:\/\/www.camaleontattoo.com\/tienda\/wp-json\/wp\/v2\/product_cat?post=7393"},{"taxonomy":"product_tag","embeddable":true,"href":"https:\/\/www.camaleontattoo.com\/tienda\/wp-json\/wp\/v2\/product_tag?post=7393"}],"curies":[{"name":"wp","href":"https:\/\/api.w.org\/{rel}","templated":true}]}}