{"id":7387,"date":"2020-12-14T13:29:25","date_gmt":"2020-12-14T13:29:25","guid":{"rendered":"https:\/\/www.camaleontattoo.com\/tienda\/?post_type=product&#038;p=7387"},"modified":"2022-07-12T11:17:09","modified_gmt":"2022-07-12T11:17:09","slug":"twist","status":"publish","type":"product","link":"https:\/\/www.camaleontattoo.com\/tienda\/aros-piercings\/twist\/","title":{"rendered":"Twist"},"content":{"rendered":"<h2>Aro de acero quir\u00fargico sencillo y discreto<\/h2>\n<p>Este aro de acero quir\u00fargico 316L es excelente para decir de manera sutil que eres una persona enrollada, como la cuerda en la que se inspira su dise\u00f1o.<\/p>\n<p>Su innovador mecanismo de cierre, con bisagra de alta calidad, hace que sea muy c\u00f3modo manejar, sin que se deforme por su uso con el paso del tiempo. Lo puedes poner en distintos piercings como tragus, helix, l\u00f3bulo, septum, labios&#8230; \u00a1Puedes escoger libremente! Da igual donde te pongas esta joya, siempre se ver\u00e1 impresionante.<\/p>\n<p>Si tienes alguna duda sobre el producto de la tienda online de Camale\u00f3n Tattoo, preg\u00fantanos sin compromiso, el equipo de Camale\u00f3n Tattoo est\u00e1 para ayudarte<\/p>\n<h3>Informaci\u00f3n adicional<\/h3>\n<p>Grosor: 1,2 mm<br \/>\nDi\u00e1metro interno: 6,0 mm \/ 8,0 mm \/ 10,0 mm<br \/>\nTipo de cierre: bisagra<br \/>\nMaterial: acero quir\u00fargico 316L<br \/>\nColor: plateado, dorado<\/p>\n","protected":false},"excerpt":{"rendered":"<p>Aro de acero quir\u00fargico con cierre de bisagra cuerda torcida.<\/p>\n","protected":false},"featured_media":7388,"comment_status":"open","ping_status":"closed","template":"","meta":[],"product_brand":[],"product_cat":[64],"product_tag":[104,102,101,99,98,107,105,97,103],"class_list":{"0":"post-7387","1":"product","2":"type-product","3":"status-publish","4":"has-post-thumbnail","6":"product_cat-aros-piercings","7":"product_tag-anti-tragus","8":"product_tag-conch","9":"product_tag-daith","10":"product_tag-forward-helix","11":"product_tag-helix","12":"product_tag-labio","13":"product_tag-lobulo-lobe","14":"product_tag-septum","15":"product_tag-tragus","17":"first","18":"instock","19":"taxable","20":"shipping-taxable","21":"purchasable","22":"product-type-variable","23":"has-default-attributes"},"_links":{"self":[{"href":"https:\/\/www.camaleontattoo.com\/tienda\/wp-json\/wp\/v2\/product\/7387","targetHints":{"allow":["GET"]}}],"collection":[{"href":"https:\/\/www.camaleontattoo.com\/tienda\/wp-json\/wp\/v2\/product"}],"about":[{"href":"https:\/\/www.camaleontattoo.com\/tienda\/wp-json\/wp\/v2\/types\/product"}],"replies":[{"embeddable":true,"href":"https:\/\/www.camaleontattoo.com\/tienda\/wp-json\/wp\/v2\/comments?post=7387"}],"wp:featuredmedia":[{"embeddable":true,"href":"https:\/\/www.camaleontattoo.com\/tienda\/wp-json\/wp\/v2\/media\/7388"}],"wp:attachment":[{"href":"https:\/\/www.camaleontattoo.com\/tienda\/wp-json\/wp\/v2\/media?parent=7387"}],"wp:term":[{"taxonomy":"product_brand","embeddable":true,"href":"https:\/\/www.camaleontattoo.com\/tienda\/wp-json\/wp\/v2\/product_brand?post=7387"},{"taxonomy":"product_cat","embeddable":true,"href":"https:\/\/www.camaleontattoo.com\/tienda\/wp-json\/wp\/v2\/product_cat?post=7387"},{"taxonomy":"product_tag","embeddable":true,"href":"https:\/\/www.camaleontattoo.com\/tienda\/wp-json\/wp\/v2\/product_tag?post=7387"}],"curies":[{"name":"wp","href":"https:\/\/api.w.org\/{rel}","templated":true}]}}