{"id":7379,"date":"2020-12-14T13:24:25","date_gmt":"2020-12-14T13:24:25","guid":{"rendered":"https:\/\/www.camaleontattoo.com\/tienda\/?post_type=product&#038;p=7379"},"modified":"2024-08-09T16:27:14","modified_gmt":"2024-08-09T16:27:14","slug":"aro-basico-de-acero-quirurgico","status":"publish","type":"product","link":"https:\/\/www.camaleontattoo.com\/tienda\/aros-piercings\/aro-basico-de-acero-quirurgico\/","title":{"rendered":"B\u00e1sico"},"content":{"rendered":"<h2>Aro b\u00e1sico de acero quir\u00fargico f\u00e1cil de poner<\/h2>\n<p>Si eres de los que lucha para ponerse una joya, pierdes las bolas incluso los nervios, este es tu piercing. Este fant\u00e1stico aro b\u00e1sico de <strong>acero quir\u00fargico 316L<\/strong> tiene un innovador mecanismo de cierre, con<strong> bisagra de alta calidad<\/strong>, que es exactamente lo que necesitas. F\u00e1cil y r\u00e1pido de manejar, ya no tendr\u00e1s que pasar horas para ponerte esta joya.<\/p>\n<p>Este aro b\u00e1sico de acero quir\u00fargico es un piercing indispensable, lo puedes poner en casi todos los piercings como <strong>nostril, septum, tragus, helix, rook, daith, conch, l\u00f3bulo, labios, smile, pez\u00f3n<\/strong>&#8230; \u00a1Puedes escoger libremente! Da igual donde te pongas esta joya, siempre se ver\u00e1 perfecta. Lo \u00fanico que tienes que tener en cuenta es la zona anat\u00f3mica en la que lo quieres colocar, para escoger correctamente el grosor y di\u00e1metro. Si tienes dudas o necesitas consejo no dudes en consultarnos.<\/p>\n<blockquote><p><strong>Si te gustan la joyer\u00eda sencilla te recomendamos este <a title=\"Nostril b\u00e1sico de acero quir\u00fargico grado implante. Piercing para la nariz dorado o plateado\" href=\"https:\/\/www.camaleontattoo.com\/tienda\/nostril\/maria\/\" rel=\"\">nostril<\/a>, <a title=\"Dilataci\u00f3n b\u00e1sica blanca o negra de cuerno de b\u00fafalo\" href=\"https:\/\/www.camaleontattoo.com\/tienda\/dilataciones-piercings\/bufalo\/\" rel=\"\">dilataci\u00f3n<\/a>, <a title=\"Banana de titaneo y perla sint\u00e9tica\" href=\"https:\/\/www.camaleontattoo.com\/tienda\/bananas-piercings\/perla\/\" rel=\"\">banana para el ombligo<\/a>.<\/strong><\/p><\/blockquote>\n<p>En la tienda online de Camale\u00f3n Tattoo solo encontrar\u00e1s joyer\u00eda de la mejor calidad, es un lugar de confianza donde comprar piercings online, con todas las garant\u00edas. Y si tienes alguna duda cons\u00faltanos en Camale\u00f3n Tattoo sin compromiso, estamos para ayudarte.<\/p>\n<h3>Informaci\u00f3n adicional<\/h3>\n<p>Grosor: 0,8 mm \/ 1,0 mm \/ 1,2 mm<br \/>\nDi\u00e1metro interno: 6,0 mm \/ 7,0 mm \/ 8,0 mm \/ 9,0 mm \/ 10,0 mm<br \/>\nTipo de cierre: bisagra<br \/>\nMaterial: acero quir\u00fargico 316L<br \/>\nColor: plateado, dorado, negro<\/p>\n","protected":false},"excerpt":{"rendered":"<p>Aro b\u00e1sico de acero quir\u00fargico 316L con cierre de bisagra<\/p>\n","protected":false},"featured_media":7380,"comment_status":"open","ping_status":"closed","template":"","meta":[],"product_brand":[],"product_cat":[64],"product_tag":[104,102,101,99,98,107,105,96,100,97,108,103],"class_list":{"0":"post-7379","1":"product","2":"type-product","3":"status-publish","4":"has-post-thumbnail","6":"product_cat-aros-piercings","7":"product_tag-anti-tragus","8":"product_tag-conch","9":"product_tag-daith","10":"product_tag-forward-helix","11":"product_tag-helix","12":"product_tag-labio","13":"product_tag-lobulo-lobe","14":"product_tag-nostril","15":"product_tag-rook","16":"product_tag-septum","17":"product_tag-smile","18":"product_tag-tragus","20":"first","21":"instock","22":"taxable","23":"shipping-taxable","24":"purchasable","25":"product-type-variable"},"_links":{"self":[{"href":"https:\/\/www.camaleontattoo.com\/tienda\/wp-json\/wp\/v2\/product\/7379","targetHints":{"allow":["GET"]}}],"collection":[{"href":"https:\/\/www.camaleontattoo.com\/tienda\/wp-json\/wp\/v2\/product"}],"about":[{"href":"https:\/\/www.camaleontattoo.com\/tienda\/wp-json\/wp\/v2\/types\/product"}],"replies":[{"embeddable":true,"href":"https:\/\/www.camaleontattoo.com\/tienda\/wp-json\/wp\/v2\/comments?post=7379"}],"wp:featuredmedia":[{"embeddable":true,"href":"https:\/\/www.camaleontattoo.com\/tienda\/wp-json\/wp\/v2\/media\/7380"}],"wp:attachment":[{"href":"https:\/\/www.camaleontattoo.com\/tienda\/wp-json\/wp\/v2\/media?parent=7379"}],"wp:term":[{"taxonomy":"product_brand","embeddable":true,"href":"https:\/\/www.camaleontattoo.com\/tienda\/wp-json\/wp\/v2\/product_brand?post=7379"},{"taxonomy":"product_cat","embeddable":true,"href":"https:\/\/www.camaleontattoo.com\/tienda\/wp-json\/wp\/v2\/product_cat?post=7379"},{"taxonomy":"product_tag","embeddable":true,"href":"https:\/\/www.camaleontattoo.com\/tienda\/wp-json\/wp\/v2\/product_tag?post=7379"}],"curies":[{"name":"wp","href":"https:\/\/api.w.org\/{rel}","templated":true}]}}