{"id":7375,"date":"2020-12-14T13:18:31","date_gmt":"2020-12-14T13:18:31","guid":{"rendered":"https:\/\/www.camaleontattoo.com\/tienda\/?post_type=product&#038;p=7375"},"modified":"2024-02-27T07:48:17","modified_gmt":"2024-02-27T07:48:17","slug":"sappan","status":"publish","type":"product","link":"https:\/\/www.camaleontattoo.com\/tienda\/dilataciones-piercings\/sappan\/","title":{"rendered":"Sappan"},"content":{"rendered":"<h2>Dilataci\u00f3n o t\u00fanel para la oreja de madera de sappan<\/h2>\n<p>Las dilataciones de madera son perfectas para el cuidado de tu oreja. La madera de Sappan es de color rojo oscuro con una veta oscura que hace hermosas l\u00edneas a trav\u00e9s de la madera, lo que le da un aspecto muy interesante y \u00fanico. Esta planta tiene muchos usos, entre ellos posee cualidades medicinales como propiedades antibacterianas y anticoagulantes.<\/p>\n<p>Este t\u00fanel de madera no va a cambiar de apariencia con el tiempo, ni te va a dar reacciones al\u00e9rgicas, por eso es una apuesta segura para comprar piercings y dilataciones online. Si tienes alguna pregunta no dudes en consultarnos, en Camale\u00f3n Tattoo estaremos encantados de ayudarte.<\/p>\n<h3>Informaci\u00f3n adicional<\/h3>\n<p>Tallas: 4 mm, 6 mm, 8 mm, 10 mm, 12 mm, 14 mm, 16 mm<br \/>\nMaterial: madera de sappan<\/p>\n","protected":false},"excerpt":{"rendered":"<p>Dilataci\u00f3n o tunnel de madera de sappan<\/p>\n","protected":false},"featured_media":7376,"comment_status":"open","ping_status":"closed","template":"","meta":[],"product_brand":[],"product_cat":[67],"product_tag":[105],"class_list":{"0":"post-7375","1":"product","2":"type-product","3":"status-publish","4":"has-post-thumbnail","6":"product_cat-dilataciones-piercings","7":"product_tag-lobulo-lobe","9":"first","10":"instock","11":"taxable","12":"shipping-taxable","13":"purchasable","14":"product-type-variable"},"_links":{"self":[{"href":"https:\/\/www.camaleontattoo.com\/tienda\/wp-json\/wp\/v2\/product\/7375","targetHints":{"allow":["GET"]}}],"collection":[{"href":"https:\/\/www.camaleontattoo.com\/tienda\/wp-json\/wp\/v2\/product"}],"about":[{"href":"https:\/\/www.camaleontattoo.com\/tienda\/wp-json\/wp\/v2\/types\/product"}],"replies":[{"embeddable":true,"href":"https:\/\/www.camaleontattoo.com\/tienda\/wp-json\/wp\/v2\/comments?post=7375"}],"wp:featuredmedia":[{"embeddable":true,"href":"https:\/\/www.camaleontattoo.com\/tienda\/wp-json\/wp\/v2\/media\/7376"}],"wp:attachment":[{"href":"https:\/\/www.camaleontattoo.com\/tienda\/wp-json\/wp\/v2\/media?parent=7375"}],"wp:term":[{"taxonomy":"product_brand","embeddable":true,"href":"https:\/\/www.camaleontattoo.com\/tienda\/wp-json\/wp\/v2\/product_brand?post=7375"},{"taxonomy":"product_cat","embeddable":true,"href":"https:\/\/www.camaleontattoo.com\/tienda\/wp-json\/wp\/v2\/product_cat?post=7375"},{"taxonomy":"product_tag","embeddable":true,"href":"https:\/\/www.camaleontattoo.com\/tienda\/wp-json\/wp\/v2\/product_tag?post=7375"}],"curies":[{"name":"wp","href":"https:\/\/api.w.org\/{rel}","templated":true}]}}