{"id":7356,"date":"2020-12-14T13:02:54","date_gmt":"2020-12-14T13:02:54","guid":{"rendered":"https:\/\/www.camaleontattoo.com\/tienda\/?post_type=product&#038;p=7356"},"modified":"2022-03-07T13:01:16","modified_gmt":"2022-03-07T13:01:16","slug":"ginko","status":"publish","type":"product","link":"https:\/\/www.camaleontattoo.com\/tienda\/bananas-piercings\/ginko\/","title":{"rendered":"Ginko"},"content":{"rendered":"<h2>Elegante piercing para el ombligo de calidad<\/h2>\n<p>Ideal para ocasiones especiales, como una cita, una boda o cualquier d\u00eda porque amamos desprender glamour.<\/p>\n<p>La barra y bola de esta joya est\u00e1n hechas de acero quir\u00fargico 316L, el piercing de color plateado es de plata 925, el dorado es de lat\u00f3n y ambos tienen una preciosa piedra de \u00f3nix, capaz de captar las energ\u00edas negativas y transformarlas en positivas.<\/p>\n<p>No te preocupes por las reacciones al\u00e9rgicas, esta joya est\u00e1 libre de n\u00edquel, de plomo y de cadmio, en Camale\u00f3n Tattoo s\u00f3lo ofrecemos productos de la mejor calidad, por eso la tienda online de Camale\u00f3n Tattoo es una apuesta segura para comprar piercings online.<\/p>\n<h3>Informaci\u00f3n adicional<\/h3>\n<p>Grosor: 1,6 mm<br \/>\nLongitud de la barra: 9,0 mm<br \/>\nTama\u00f1o de la bola: 5,0 mm<br \/>\nTipo de cierre: rosca<br \/>\nMaterial: acero quir\u00fargico 316L, plata 925 \/ lat\u00f3n y onix<br \/>\nColor: plateado \/ dorado<\/p>\n","protected":false},"excerpt":{"rendered":"<p>Piercing para el ombligo de acero quir\u00fargico\u00a0 316L con piedra \u00f3nix<\/p>\n","protected":false},"featured_media":7358,"comment_status":"open","ping_status":"closed","template":"","meta":[],"product_brand":[],"product_cat":[65],"product_tag":[95],"class_list":{"0":"post-7356","1":"product","2":"type-product","3":"status-publish","4":"has-post-thumbnail","6":"product_cat-bananas-piercings","7":"product_tag-ombligo","9":"first","10":"instock","11":"taxable","12":"shipping-taxable","13":"purchasable","14":"product-type-variable"},"_links":{"self":[{"href":"https:\/\/www.camaleontattoo.com\/tienda\/wp-json\/wp\/v2\/product\/7356","targetHints":{"allow":["GET"]}}],"collection":[{"href":"https:\/\/www.camaleontattoo.com\/tienda\/wp-json\/wp\/v2\/product"}],"about":[{"href":"https:\/\/www.camaleontattoo.com\/tienda\/wp-json\/wp\/v2\/types\/product"}],"replies":[{"embeddable":true,"href":"https:\/\/www.camaleontattoo.com\/tienda\/wp-json\/wp\/v2\/comments?post=7356"}],"wp:featuredmedia":[{"embeddable":true,"href":"https:\/\/www.camaleontattoo.com\/tienda\/wp-json\/wp\/v2\/media\/7358"}],"wp:attachment":[{"href":"https:\/\/www.camaleontattoo.com\/tienda\/wp-json\/wp\/v2\/media?parent=7356"}],"wp:term":[{"taxonomy":"product_brand","embeddable":true,"href":"https:\/\/www.camaleontattoo.com\/tienda\/wp-json\/wp\/v2\/product_brand?post=7356"},{"taxonomy":"product_cat","embeddable":true,"href":"https:\/\/www.camaleontattoo.com\/tienda\/wp-json\/wp\/v2\/product_cat?post=7356"},{"taxonomy":"product_tag","embeddable":true,"href":"https:\/\/www.camaleontattoo.com\/tienda\/wp-json\/wp\/v2\/product_tag?post=7356"}],"curies":[{"name":"wp","href":"https:\/\/api.w.org\/{rel}","templated":true}]}}