{"id":7350,"date":"2020-12-14T12:53:02","date_gmt":"2020-12-14T12:53:02","guid":{"rendered":"https:\/\/www.camaleontattoo.com\/tienda\/?post_type=product&#038;p=7350"},"modified":"2021-07-07T22:53:01","modified_gmt":"2021-07-07T22:53:01","slug":"padma","status":"publish","type":"product","link":"https:\/\/www.camaleontattoo.com\/tienda\/bananas-piercings\/padma\/","title":{"rendered":"Padma"},"content":{"rendered":"<h2>Piercing del ombligo para gente original<\/h2>\n<p>Se como padma o flor de loto, que renace cada d\u00eda y se impone ante la adversidad. Aprovecha tambi\u00e9n los beneficios del \u00f3palo, un incre\u00edble potenciador de la autoestima, el verdadero yo, la creatividad y originalidad. Este piercing para el ombligo es de acero quir\u00fargico 316L, la flor de la joya plateada es de plata de ley 925 y la de la dorada es de lat\u00f3n, ambos llevan una piedra de \u00f3palo blanco en el centro.<\/p>\n<p>No te preocupes por las reacciones al\u00e9rgicas, esta joya est\u00e1 libre de n\u00edquel, de plomo y de cadmio, en Camale\u00f3n Tattoo s\u00f3lo ofrecemos productos de la mejor calidad, por eso la tienda online de Camale\u00f3n Tattoo es una apuesta segura para comprar piercings online.<\/p>\n<h3>Informaci\u00f3n adicional<\/h3>\n<p>Grosor: 1,6 mm<br \/>\nLongitud de la barra: 9,5 mm<br \/>\nTama\u00f1o de la bola: 5,0 mm<br \/>\nTipo de cierre: rosca<br \/>\nMaterial: acero quir\u00fargico 316L, plata 925 \/ lat\u00f3n y \u00f3palo blanco<br \/>\nColor: plateado \/ dorado<\/p>\n","protected":false},"excerpt":{"rendered":"<p>Piercing para el ombligo de flor de loto con \u00f3palo blanco<\/p>\n","protected":false},"featured_media":7351,"comment_status":"open","ping_status":"closed","template":"","meta":[],"product_brand":[],"product_cat":[65],"product_tag":[95],"class_list":{"0":"post-7350","1":"product","2":"type-product","3":"status-publish","4":"has-post-thumbnail","6":"product_cat-bananas-piercings","7":"product_tag-ombligo","9":"first","10":"instock","11":"taxable","12":"shipping-taxable","13":"purchasable","14":"product-type-variable"},"_links":{"self":[{"href":"https:\/\/www.camaleontattoo.com\/tienda\/wp-json\/wp\/v2\/product\/7350","targetHints":{"allow":["GET"]}}],"collection":[{"href":"https:\/\/www.camaleontattoo.com\/tienda\/wp-json\/wp\/v2\/product"}],"about":[{"href":"https:\/\/www.camaleontattoo.com\/tienda\/wp-json\/wp\/v2\/types\/product"}],"replies":[{"embeddable":true,"href":"https:\/\/www.camaleontattoo.com\/tienda\/wp-json\/wp\/v2\/comments?post=7350"}],"wp:featuredmedia":[{"embeddable":true,"href":"https:\/\/www.camaleontattoo.com\/tienda\/wp-json\/wp\/v2\/media\/7351"}],"wp:attachment":[{"href":"https:\/\/www.camaleontattoo.com\/tienda\/wp-json\/wp\/v2\/media?parent=7350"}],"wp:term":[{"taxonomy":"product_brand","embeddable":true,"href":"https:\/\/www.camaleontattoo.com\/tienda\/wp-json\/wp\/v2\/product_brand?post=7350"},{"taxonomy":"product_cat","embeddable":true,"href":"https:\/\/www.camaleontattoo.com\/tienda\/wp-json\/wp\/v2\/product_cat?post=7350"},{"taxonomy":"product_tag","embeddable":true,"href":"https:\/\/www.camaleontattoo.com\/tienda\/wp-json\/wp\/v2\/product_tag?post=7350"}],"curies":[{"name":"wp","href":"https:\/\/api.w.org\/{rel}","templated":true}]}}