{"id":7347,"date":"2020-12-14T12:21:49","date_gmt":"2020-12-14T12:21:49","guid":{"rendered":"https:\/\/www.camaleontattoo.com\/tienda\/?post_type=product&#038;p=7347"},"modified":"2024-07-02T09:36:41","modified_gmt":"2024-07-02T09:36:41","slug":"nacarina","status":"publish","type":"product","link":"https:\/\/www.camaleontattoo.com\/tienda\/bananas-piercings\/nacarina\/","title":{"rendered":"Nacarina"},"content":{"rendered":"<h2>Piercing para el ombligo con n\u00e1car<\/h2>\n<p>M\u00fasica para calmar a las fieras, el n\u00e1car tiene ese efecto en las personas. As\u00ed que si quieres traer calma a tu d\u00eda a d\u00eda esta joya es perfecta para ti. La barra es de acero quir\u00fargico 316L, de 1,6 mm de grosor y 9,5 mm de longitud. El disco que est\u00e1 fijado a la barra es de 10,0 mm, de madera de tamarindo y n\u00e1car. La bola de rosca es de 6,0 mm de tamarindo.<\/p>\n<p>Puedes encontrar m\u00e1s joyas de dise\u00f1o y calidad en la tienda online de Camale\u00f3n Tattoo. \u00a1Reinv\u00e9ntate sin miedo!<\/p>\n<p>Y si te ha gustado este producto tambi\u00e9n te puede gustar espiral de tamarindo o shiva.<\/p>\n<h3>Informaci\u00f3n adicional<\/h3>\n<p>Grosor: 1,6 mm<br \/>\nLongitud de la barra: 9,5 mm<br \/>\nTama\u00f1o de la bola: 6,0 mm<br \/>\nTipo de cierre: rosca<br \/>\nMaterial: acero quir\u00fargico 316L, madera de tamarindo y n\u00e1car<\/p>\n","protected":false},"excerpt":{"rendered":"<p>Piercing para el ombligo de acero quir\u00fargico con n\u00e1car y madera de tamarindo<\/p>\n","protected":false},"featured_media":7348,"comment_status":"open","ping_status":"closed","template":"","meta":[],"product_brand":[],"product_cat":[65],"product_tag":[95],"class_list":{"0":"post-7347","1":"product","2":"type-product","3":"status-publish","4":"has-post-thumbnail","6":"product_cat-bananas-piercings","7":"product_tag-ombligo","9":"first","10":"instock","11":"taxable","12":"shipping-taxable","13":"purchasable","14":"product-type-simple"},"_links":{"self":[{"href":"https:\/\/www.camaleontattoo.com\/tienda\/wp-json\/wp\/v2\/product\/7347","targetHints":{"allow":["GET"]}}],"collection":[{"href":"https:\/\/www.camaleontattoo.com\/tienda\/wp-json\/wp\/v2\/product"}],"about":[{"href":"https:\/\/www.camaleontattoo.com\/tienda\/wp-json\/wp\/v2\/types\/product"}],"replies":[{"embeddable":true,"href":"https:\/\/www.camaleontattoo.com\/tienda\/wp-json\/wp\/v2\/comments?post=7347"}],"wp:featuredmedia":[{"embeddable":true,"href":"https:\/\/www.camaleontattoo.com\/tienda\/wp-json\/wp\/v2\/media\/7348"}],"wp:attachment":[{"href":"https:\/\/www.camaleontattoo.com\/tienda\/wp-json\/wp\/v2\/media?parent=7347"}],"wp:term":[{"taxonomy":"product_brand","embeddable":true,"href":"https:\/\/www.camaleontattoo.com\/tienda\/wp-json\/wp\/v2\/product_brand?post=7347"},{"taxonomy":"product_cat","embeddable":true,"href":"https:\/\/www.camaleontattoo.com\/tienda\/wp-json\/wp\/v2\/product_cat?post=7347"},{"taxonomy":"product_tag","embeddable":true,"href":"https:\/\/www.camaleontattoo.com\/tienda\/wp-json\/wp\/v2\/product_tag?post=7347"}],"curies":[{"name":"wp","href":"https:\/\/api.w.org\/{rel}","templated":true}]}}