{"id":1716,"date":"2018-08-02T07:08:25","date_gmt":"2018-08-02T07:08:25","guid":{"rendered":"http:\/\/dummy.xtemos.com\/woodmart\/demos\/?post_type=product&#038;p=1716"},"modified":"2022-05-31T21:52:46","modified_gmt":"2022-05-31T21:52:46","slug":"espiral-de-tamarindo","status":"publish","type":"product","link":"https:\/\/www.camaleontattoo.com\/tienda\/bananas-piercings\/espiral-de-tamarindo\/","title":{"rendered":"Espiral de Tamarindo"},"content":{"rendered":"<div class=\"wpb-content-wrapper\"><p>[vc_row][vc_column][vc_column_text css=\u00bb.vc_custom_1607879553882{margin-bottom: 30px !important;}\u00bb text_larger=\u00bbno\u00bb]<\/p>\n<h2 class=\"p1\"><span class=\"s1\">Envu\u00e9lvete en una espiral natural con este tipo de piercing del ombligo<\/span><\/h2>\n<p class=\"p2\">Naturaleza y calidad en sinton\u00eda. Este precioso piercing para el ombligo est\u00e1 hecho de madera de tamarindo y ojo shiva, siendo la barra de acero quir\u00fargico 316L.<\/p>\n<p class=\"p2\">La bola es de 6,0 mm con cierre de rosca, el disco es de 10,0 mm y est\u00e1 fijado a la barra de 1,6 mm de grosor y 9,5mm de longitud. Puedes encontrar m\u00e1s joyas de dise\u00f1o y calidad en la tienda online de Camale\u00f3n Tattoo, y como trabajamos con tama\u00f1os.<\/p>\n<h3 class=\"p1\"><span class=\"s1\">Informaci\u00f3n adicional<\/span><\/h3>\n<ul>\n<li class=\"p2\">Grosor: 1,6 mm<\/li>\n<li class=\"p2\">Longitud de la barra: 9,5 mm<\/li>\n<li class=\"p2\">Tama\u00f1o de la bola: 6,0 mm<\/li>\n<li class=\"p2\">Tipo de cierre: rosca<\/li>\n<li class=\"p2\">Material: acero quir\u00fargico 316L, madera de tamarindo y ojo de shiva<\/li>\n<\/ul>\n<p>[\/vc_column_text][\/vc_column][\/vc_row]<\/p>\n<\/div>","protected":false},"excerpt":{"rendered":"<p class=\"p1\">Piercing para el ombligo de acero quir\u00fargico con ojo de shiva y madera de tamarindo.<\/p>\n","protected":false},"featured_media":7331,"comment_status":"open","ping_status":"closed","template":"","meta":[],"product_brand":[],"product_cat":[65],"product_tag":[95],"class_list":{"0":"post-1716","1":"product","2":"type-product","3":"status-publish","4":"has-post-thumbnail","6":"product_cat-bananas-piercings","7":"product_tag-ombligo","9":"first","10":"outofstock","11":"taxable","12":"shipping-taxable","13":"purchasable","14":"product-type-simple"},"_links":{"self":[{"href":"https:\/\/www.camaleontattoo.com\/tienda\/wp-json\/wp\/v2\/product\/1716","targetHints":{"allow":["GET"]}}],"collection":[{"href":"https:\/\/www.camaleontattoo.com\/tienda\/wp-json\/wp\/v2\/product"}],"about":[{"href":"https:\/\/www.camaleontattoo.com\/tienda\/wp-json\/wp\/v2\/types\/product"}],"replies":[{"embeddable":true,"href":"https:\/\/www.camaleontattoo.com\/tienda\/wp-json\/wp\/v2\/comments?post=1716"}],"wp:featuredmedia":[{"embeddable":true,"href":"https:\/\/www.camaleontattoo.com\/tienda\/wp-json\/wp\/v2\/media\/7331"}],"wp:attachment":[{"href":"https:\/\/www.camaleontattoo.com\/tienda\/wp-json\/wp\/v2\/media?parent=1716"}],"wp:term":[{"taxonomy":"product_brand","embeddable":true,"href":"https:\/\/www.camaleontattoo.com\/tienda\/wp-json\/wp\/v2\/product_brand?post=1716"},{"taxonomy":"product_cat","embeddable":true,"href":"https:\/\/www.camaleontattoo.com\/tienda\/wp-json\/wp\/v2\/product_cat?post=1716"},{"taxonomy":"product_tag","embeddable":true,"href":"https:\/\/www.camaleontattoo.com\/tienda\/wp-json\/wp\/v2\/product_tag?post=1716"}],"curies":[{"name":"wp","href":"https:\/\/api.w.org\/{rel}","templated":true}]}}