{"id":7945,"date":"2021-04-10T06:48:55","date_gmt":"2021-04-10T06:48:55","guid":{"rendered":"https:\/\/www.camaleontattoo.com\/tienda\/?page_id=7945"},"modified":"2021-04-10T06:52:37","modified_gmt":"2021-04-10T06:52:37","slug":"aviso-legal","status":"publish","type":"page","link":"https:\/\/www.camaleontattoo.com\/tienda\/aviso-legal\/","title":{"rendered":"Aviso Legal"},"content":{"rendered":"<div class=\"wpb-content-wrapper\"><p>[vc_row][vc_column][vc_empty_space height=\u00bb52px\u00bb woodmart_hide_large=\u00bb0&#8243; woodmart_hide_medium=\u00bb0&#8243; woodmart_hide_small=\u00bb0&#8243; woodmart_hide_extra_small=\u00bb0&#8243;][vc_column_text]<strong>Informaci\u00f3n General<\/strong><\/p>\n<p>El titular de este sitio web es <strong>Raquel L\u00f3pez L\u00f3pez, con NIF 33305343D y domicilio sito en R\u00faa Teatro 3 \u2013 27001 \u2013 LUGO, <a href=\"tel:982220308\" rel=\"\">982220308<\/a><\/strong>.<\/p>\n<p>Con \u00e1nimo de que el uso del Sito Web se ajuste a criterios de transparencia, claridad y sencillez, Raquel L\u00f3pez L\u00f3pez informa al usuario que cualquier sugerencia, duda o consulta sobre el presente Aviso Legal o cualquier otro documento informativo del sitio web ser\u00e1 recibida y solucionada contactando con Raquel L\u00f3pez L\u00f3pez, a trav\u00e9s de la direcci\u00f3n de correo electr\u00f3nica: <a href=\"mailto:tattoo@camaleontattoo.com\">tattoo@camaleontattoo.com<\/a>.<\/p>\n<p><strong>Propiedad Intelectual<\/strong><\/p>\n<p>Todos los contenidos que se muestran en el presente sitio web, y en especial dise\u00f1os, textos, im\u00e1genes, logos, iconos, nombres comerciales, marcas o cualquier otra informaci\u00f3n susceptible de utilizaci\u00f3n industrial y\/o comercial est\u00e1n protegidos por los correspondientes derechos de autor, no permitiendo su reproducci\u00f3n, transmisi\u00f3n o registro de informaci\u00f3n salvo autorizaci\u00f3n previa del titular, Raquel L\u00f3pez L\u00f3pez. No obstante, el usuario podr\u00e1 utilizar informaci\u00f3n facilitada para gestionar su pedido y los datos de contacto correspondientes.<\/p>\n<p><strong>Enlaces<\/strong><\/p>\n<p>Raquel L\u00f3pez L\u00f3pez no asume ninguna responsabilidad sobre los enlaces hac\u00eda otros sitios o p\u00e1ginas web que, en su caso, pudieran incluirse en el mismo, ya que no tiene ning\u00fan tipo de control sobre los mismos, por lo que el usuario accede bajo su exclusiva responsabilidad al contenido y en las condiciones de uso que rijan en los mismos.[\/vc_column_text][\/vc_column][\/vc_row]<\/p>\n<\/div>","protected":false},"excerpt":{"rendered":"<p>[vc_row][vc_column][vc_empty_space height=\u00bb52px\u00bb woodmart_hide_large=\u00bb0&#8243; woodmart_hide_medium=\u00bb0&#8243; woodmart_hide_small=\u00bb0&#8243; woodmart_hide_extra_small=\u00bb0&#8243;][vc_column_text]Informaci\u00f3n General El titular de este sitio web es Raquel L\u00f3pez L\u00f3pez, con NIF 33305343D<\/p>\n","protected":false},"author":1,"featured_media":0,"parent":0,"menu_order":0,"comment_status":"closed","ping_status":"closed","template":"","meta":{"footnotes":""},"class_list":["post-7945","page","type-page","status-publish","hentry"],"_links":{"self":[{"href":"https:\/\/www.camaleontattoo.com\/tienda\/wp-json\/wp\/v2\/pages\/7945","targetHints":{"allow":["GET"]}}],"collection":[{"href":"https:\/\/www.camaleontattoo.com\/tienda\/wp-json\/wp\/v2\/pages"}],"about":[{"href":"https:\/\/www.camaleontattoo.com\/tienda\/wp-json\/wp\/v2\/types\/page"}],"author":[{"embeddable":true,"href":"https:\/\/www.camaleontattoo.com\/tienda\/wp-json\/wp\/v2\/users\/1"}],"replies":[{"embeddable":true,"href":"https:\/\/www.camaleontattoo.com\/tienda\/wp-json\/wp\/v2\/comments?post=7945"}],"version-history":[{"count":4,"href":"https:\/\/www.camaleontattoo.com\/tienda\/wp-json\/wp\/v2\/pages\/7945\/revisions"}],"predecessor-version":[{"id":7949,"href":"https:\/\/www.camaleontattoo.com\/tienda\/wp-json\/wp\/v2\/pages\/7945\/revisions\/7949"}],"wp:attachment":[{"href":"https:\/\/www.camaleontattoo.com\/tienda\/wp-json\/wp\/v2\/media?parent=7945"}],"curies":[{"name":"wp","href":"https:\/\/api.w.org\/{rel}","templated":true}]}}