{"id":7114,"date":"2020-12-12T14:57:07","date_gmt":"2020-12-12T14:57:07","guid":{"rendered":"https:\/\/www.camaleontattoo.com\/tienda\/?page_id=7114"},"modified":"2020-12-12T14:59:58","modified_gmt":"2020-12-12T14:59:58","slug":"formas-de-pago","status":"publish","type":"page","link":"https:\/\/www.camaleontattoo.com\/tienda\/formas-de-pago\/","title":{"rendered":"Formas de pago"},"content":{"rendered":"<h2>Tarjeta de cr\u00e9dito o d\u00e9bito<\/h2>\n<\/header>\n<section id=\"content\" class=\"page-content page-cms page-cms-5\">Visa, Visa Electron, MasterCard y American Express. Para el pago con tarjetas de d\u00e9bito o American Express, el cargo se realizar\u00e1 en tiempo real.<\/p>\n<h2>PayPal<\/h2>\n<p>El\u00a0servicio que te permite pagar, enviar dinero y aceptar pagos sin tener que introducir tus datos financieros continuamente. Paga con PayPal de forma m\u00e1s r\u00e1pida y segura. 250 millones de personas de m\u00e1s de 200 pa\u00edses y mercados usan PayPal. Y en 25 divisas.<\/p>\n<h2>Transferencia bancaria<\/h2>\n<p>El plazo para realizar el pago por transferencia bancaria es de<strong>\u00a03 d\u00edas laborables a partir de la fecha en que se realice el pedido<\/strong>. Este m\u00e9todo s\u00f3lo estar\u00e1 disponible para pedidos realizados por tel\u00e9fono, y la informaci\u00f3n del pago ser\u00e1 enviada por correo electr\u00f3nico.<\/p>\n<p>El pago tendr\u00e1 que realizarse desde una cuenta corriente de un banco de Espa\u00f1a. Para realizar pedidos a trav\u00e9s de esta forma de pago, por favor ponte en contacto con nosotros en el <strong><a href=\"tel:982220308\">982 220 308<\/a><\/strong><\/p>\n","protected":false},"excerpt":{"rendered":"<p>Tarjeta de cr\u00e9dito o d\u00e9bito Visa, Visa Electron, MasterCard y American Express. Para el pago con tarjetas de d\u00e9bito o<\/p>\n","protected":false},"author":1,"featured_media":0,"parent":0,"menu_order":0,"comment_status":"closed","ping_status":"closed","template":"","meta":{"footnotes":""},"class_list":["post-7114","page","type-page","status-publish","hentry"],"_links":{"self":[{"href":"https:\/\/www.camaleontattoo.com\/tienda\/wp-json\/wp\/v2\/pages\/7114","targetHints":{"allow":["GET"]}}],"collection":[{"href":"https:\/\/www.camaleontattoo.com\/tienda\/wp-json\/wp\/v2\/pages"}],"about":[{"href":"https:\/\/www.camaleontattoo.com\/tienda\/wp-json\/wp\/v2\/types\/page"}],"author":[{"embeddable":true,"href":"https:\/\/www.camaleontattoo.com\/tienda\/wp-json\/wp\/v2\/users\/1"}],"replies":[{"embeddable":true,"href":"https:\/\/www.camaleontattoo.com\/tienda\/wp-json\/wp\/v2\/comments?post=7114"}],"version-history":[{"count":5,"href":"https:\/\/www.camaleontattoo.com\/tienda\/wp-json\/wp\/v2\/pages\/7114\/revisions"}],"predecessor-version":[{"id":7120,"href":"https:\/\/www.camaleontattoo.com\/tienda\/wp-json\/wp\/v2\/pages\/7114\/revisions\/7120"}],"wp:attachment":[{"href":"https:\/\/www.camaleontattoo.com\/tienda\/wp-json\/wp\/v2\/media?parent=7114"}],"curies":[{"name":"wp","href":"https:\/\/api.w.org\/{rel}","templated":true}]}}